{"id":153,"date":"2019-12-26T18:42:28","date_gmt":"2019-12-26T18:42:28","guid":{"rendered":"http:\/\/arpadfoldiref.hu\/?page_id=153"},"modified":"2024-07-23T09:50:17","modified_gmt":"2024-07-23T08:50:17","slug":"presbiterium","status":"publish","type":"page","link":"https:\/\/arpadfoldiref.hu\/index.php\/presbiterium\/","title":{"rendered":"Presbit\u00e9rium"},"content":{"rendered":"\n<div class=\"wp-block-media-text alignwide is-stacked-on-mobile\" style=\"grid-template-columns:22% auto\"><figure class=\"wp-block-media-text__media\"><img loading=\"lazy\" decoding=\"async\" width=\"193\" height=\"261\" src=\"http:\/\/arpadfoldiref.hu\/wp-content\/uploads\/2019\/12\/NyA_2_palastban.jpg\" alt=\"\" class=\"wp-image-341 size-full\"\/><\/figure><div class=\"wp-block-media-text__content\">\n<p style=\"font-size:18px\">Nyikos Andr\u00e1s<br>lelkip\u00e1sztor<\/p>\n<\/div><\/div>\n\n\n\n<hr class=\"wp-block-separator has-alpha-channel-opacity\"\/>\n\n\n\n<div class=\"wp-block-media-text alignwide is-stacked-on-mobile\" style=\"grid-template-columns:22% auto\"><figure class=\"wp-block-media-text__media\"><img loading=\"lazy\" decoding=\"async\" width=\"250\" height=\"307\" src=\"http:\/\/arpadfoldiref.hu\/wp-content\/uploads\/2019\/12\/Balo_Gy_2017.jpg\" alt=\"\" class=\"wp-image-158 size-full\" srcset=\"https:\/\/arpadfoldiref.hu\/wp-content\/uploads\/2019\/12\/Balo_Gy_2017.jpg 250w, https:\/\/arpadfoldiref.hu\/wp-content\/uploads\/2019\/12\/Balo_Gy_2017-244x300.jpg 244w\" sizes=\"auto, (max-width: 250px) 100vw, 250px\" \/><\/figure><div class=\"wp-block-media-text__content\">\n<p style=\"font-size:18px\">Rem\u00e9nyin\u00e9 Bal\u00f3 Gy\u00f6ngyi<br>gondnok<\/p>\n<\/div><\/div>\n\n\n\n<hr class=\"wp-block-separator has-alpha-channel-opacity\"\/>\n\n\n\n<div class=\"wp-block-media-text is-stacked-on-mobile\" style=\"grid-template-columns:22% auto\"><figure class=\"wp-block-media-text__media\"><img loading=\"lazy\" decoding=\"async\" width=\"750\" height=\"930\" src=\"https:\/\/arpadfoldiref.hu\/wp-content\/uploads\/2024\/07\/Dobos_Peti_2023-1.jpg\" alt=\"\" class=\"wp-image-2490 size-full\" srcset=\"https:\/\/arpadfoldiref.hu\/wp-content\/uploads\/2024\/07\/Dobos_Peti_2023-1.jpg 750w, https:\/\/arpadfoldiref.hu\/wp-content\/uploads\/2024\/07\/Dobos_Peti_2023-1-242x300.jpg 242w, https:\/\/arpadfoldiref.hu\/wp-content\/uploads\/2024\/07\/Dobos_Peti_2023-1-300x372.jpg 300w\" sizes=\"auto, (max-width: 750px) 100vw, 750px\" \/><\/figure><div class=\"wp-block-media-text__content\">\n<p style=\"font-size:18px\">Dobos P\u00e9ter<\/p>\n<\/div><\/div>\n\n\n\n<hr class=\"wp-block-separator has-alpha-channel-opacity\"\/>\n\n\n\n<div class=\"wp-block-media-text is-stacked-on-mobile\" style=\"grid-template-columns:22% auto\"><figure class=\"wp-block-media-text__media\"><img loading=\"lazy\" decoding=\"async\" width=\"826\" height=\"1024\" src=\"https:\/\/arpadfoldiref.hu\/wp-content\/uploads\/2024\/07\/Jakus_Zoltan_2023-2-826x1024.jpg\" alt=\"\" class=\"wp-image-2492 size-full\" srcset=\"https:\/\/arpadfoldiref.hu\/wp-content\/uploads\/2024\/07\/Jakus_Zoltan_2023-2-826x1024.jpg 826w, https:\/\/arpadfoldiref.hu\/wp-content\/uploads\/2024\/07\/Jakus_Zoltan_2023-2-242x300.jpg 242w, https:\/\/arpadfoldiref.hu\/wp-content\/uploads\/2024\/07\/Jakus_Zoltan_2023-2-768x952.jpg 768w, https:\/\/arpadfoldiref.hu\/wp-content\/uploads\/2024\/07\/Jakus_Zoltan_2023-2-1239x1536.jpg 1239w, https:\/\/arpadfoldiref.hu\/wp-content\/uploads\/2024\/07\/Jakus_Zoltan_2023-2-300x372.jpg 300w, https:\/\/arpadfoldiref.hu\/wp-content\/uploads\/2024\/07\/Jakus_Zoltan_2023-2-850x1054.jpg 850w, https:\/\/arpadfoldiref.hu\/wp-content\/uploads\/2024\/07\/Jakus_Zoltan_2023-2.jpg 1500w\" sizes=\"auto, (max-width: 826px) 100vw, 826px\" \/><\/figure><div class=\"wp-block-media-text__content\">\n<p style=\"font-size:18px\">Dr. Jakus Zolt\u00e1n<\/p>\n<\/div><\/div>\n\n\n\n<hr class=\"wp-block-separator has-alpha-channel-opacity\"\/>\n\n\n\n<div class=\"wp-block-media-text is-stacked-on-mobile\" style=\"grid-template-columns:22% auto\"><figure class=\"wp-block-media-text__media\"><img loading=\"lazy\" decoding=\"async\" width=\"250\" height=\"308\" src=\"https:\/\/arpadfoldiref.hu\/wp-content\/uploads\/2024\/07\/Pall_Z_2023-1.png\" alt=\"\" class=\"wp-image-2493 size-full\" srcset=\"https:\/\/arpadfoldiref.hu\/wp-content\/uploads\/2024\/07\/Pall_Z_2023-1.png 250w, https:\/\/arpadfoldiref.hu\/wp-content\/uploads\/2024\/07\/Pall_Z_2023-1-244x300.png 244w\" sizes=\"auto, (max-width: 250px) 100vw, 250px\" \/><\/figure><div class=\"wp-block-media-text__content\">\n<p style=\"font-size:18px\">P\u00e1ll Zolt\u00e1n<\/p>\n<\/div><\/div>\n\n\n\n<hr class=\"wp-block-separator has-alpha-channel-opacity\"\/>\n\n\n\n<div class=\"wp-block-media-text is-stacked-on-mobile\" style=\"grid-template-columns:22% auto\"><figure class=\"wp-block-media-text__media\"><img loading=\"lazy\" decoding=\"async\" width=\"448\" height=\"558\" src=\"https:\/\/arpadfoldiref.hu\/wp-content\/uploads\/2024\/07\/Papai_Antal_2023-1.png\" alt=\"\" class=\"wp-image-2494 size-full\" srcset=\"https:\/\/arpadfoldiref.hu\/wp-content\/uploads\/2024\/07\/Papai_Antal_2023-1.png 448w, https:\/\/arpadfoldiref.hu\/wp-content\/uploads\/2024\/07\/Papai_Antal_2023-1-241x300.png 241w, https:\/\/arpadfoldiref.hu\/wp-content\/uploads\/2024\/07\/Papai_Antal_2023-1-300x374.png 300w\" sizes=\"auto, (max-width: 448px) 100vw, 448px\" \/><\/figure><div class=\"wp-block-media-text__content\">\n<p style=\"font-size:18px\">P\u00e1pai Antal<\/p>\n<\/div><\/div>\n\n\n\n<hr class=\"wp-block-separator has-alpha-channel-opacity\"\/>\n\n\n\n<div class=\"wp-block-media-text is-stacked-on-mobile\" style=\"grid-template-columns:22% auto\"><figure class=\"wp-block-media-text__media\"><img loading=\"lazy\" decoding=\"async\" width=\"826\" height=\"1024\" src=\"https:\/\/arpadfoldiref.hu\/wp-content\/uploads\/2024\/07\/Pordan_Akos_2023-826x1024.jpg\" alt=\"\" class=\"wp-image-2495 size-full\" srcset=\"https:\/\/arpadfoldiref.hu\/wp-content\/uploads\/2024\/07\/Pordan_Akos_2023-826x1024.jpg 826w, https:\/\/arpadfoldiref.hu\/wp-content\/uploads\/2024\/07\/Pordan_Akos_2023-242x300.jpg 242w, https:\/\/arpadfoldiref.hu\/wp-content\/uploads\/2024\/07\/Pordan_Akos_2023-768x952.jpg 768w, https:\/\/arpadfoldiref.hu\/wp-content\/uploads\/2024\/07\/Pordan_Akos_2023-1239x1536.jpg 1239w, https:\/\/arpadfoldiref.hu\/wp-content\/uploads\/2024\/07\/Pordan_Akos_2023-1652x2048.jpg 1652w, https:\/\/arpadfoldiref.hu\/wp-content\/uploads\/2024\/07\/Pordan_Akos_2023-300x372.jpg 300w, https:\/\/arpadfoldiref.hu\/wp-content\/uploads\/2024\/07\/Pordan_Akos_2023-850x1054.jpg 850w, https:\/\/arpadfoldiref.hu\/wp-content\/uploads\/2024\/07\/Pordan_Akos_2023.jpg 1750w\" sizes=\"auto, (max-width: 826px) 100vw, 826px\" \/><\/figure><div class=\"wp-block-media-text__content\">\n<p style=\"font-size:18px\">Pord\u00e1n \u00c1kos<\/p>\n<\/div><\/div>\n\n\n\n<hr class=\"wp-block-separator has-alpha-channel-opacity\"\/>\n\n\n\n<div class=\"wp-block-media-text is-stacked-on-mobile\" style=\"grid-template-columns:22% auto\"><figure class=\"wp-block-media-text__media\"><img loading=\"lazy\" decoding=\"async\" width=\"826\" height=\"1024\" src=\"https:\/\/arpadfoldiref.hu\/wp-content\/uploads\/2024\/07\/Pordan_Endre_2023-1-826x1024.jpg\" alt=\"\" class=\"wp-image-2496 size-full\" srcset=\"https:\/\/arpadfoldiref.hu\/wp-content\/uploads\/2024\/07\/Pordan_Endre_2023-1-826x1024.jpg 826w, https:\/\/arpadfoldiref.hu\/wp-content\/uploads\/2024\/07\/Pordan_Endre_2023-1-242x300.jpg 242w, https:\/\/arpadfoldiref.hu\/wp-content\/uploads\/2024\/07\/Pordan_Endre_2023-1-768x952.jpg 768w, https:\/\/arpadfoldiref.hu\/wp-content\/uploads\/2024\/07\/Pordan_Endre_2023-1-1239x1536.jpg 1239w, https:\/\/arpadfoldiref.hu\/wp-content\/uploads\/2024\/07\/Pordan_Endre_2023-1-300x372.jpg 300w, https:\/\/arpadfoldiref.hu\/wp-content\/uploads\/2024\/07\/Pordan_Endre_2023-1-850x1054.jpg 850w, https:\/\/arpadfoldiref.hu\/wp-content\/uploads\/2024\/07\/Pordan_Endre_2023-1.jpg 1500w\" sizes=\"auto, (max-width: 826px) 100vw, 826px\" \/><\/figure><div class=\"wp-block-media-text__content\">\n<p style=\"font-size:18px\">Pord\u00e1n Endre<\/p>\n<\/div><\/div>\n\n\n\n<hr class=\"wp-block-separator has-alpha-channel-opacity\"\/>\n\n\n\n<div class=\"wp-block-media-text is-stacked-on-mobile\" style=\"grid-template-columns:22% auto\"><figure class=\"wp-block-media-text__media\"><img loading=\"lazy\" decoding=\"async\" width=\"821\" height=\"1024\" src=\"https:\/\/arpadfoldiref.hu\/wp-content\/uploads\/2024\/07\/Varadi_Ildi_2023-1-821x1024.jpg\" alt=\"\" class=\"wp-image-2497 size-full\" srcset=\"https:\/\/arpadfoldiref.hu\/wp-content\/uploads\/2024\/07\/Varadi_Ildi_2023-1-821x1024.jpg 821w, https:\/\/arpadfoldiref.hu\/wp-content\/uploads\/2024\/07\/Varadi_Ildi_2023-1-241x300.jpg 241w, https:\/\/arpadfoldiref.hu\/wp-content\/uploads\/2024\/07\/Varadi_Ildi_2023-1-768x957.jpg 768w, https:\/\/arpadfoldiref.hu\/wp-content\/uploads\/2024\/07\/Varadi_Ildi_2023-1-1232x1536.jpg 1232w, https:\/\/arpadfoldiref.hu\/wp-content\/uploads\/2024\/07\/Varadi_Ildi_2023-1-300x374.jpg 300w, https:\/\/arpadfoldiref.hu\/wp-content\/uploads\/2024\/07\/Varadi_Ildi_2023-1-850x1060.jpg 850w, https:\/\/arpadfoldiref.hu\/wp-content\/uploads\/2024\/07\/Varadi_Ildi_2023-1.jpg 1500w\" sizes=\"auto, (max-width: 821px) 100vw, 821px\" \/><\/figure><div class=\"wp-block-media-text__content\">\n<p style=\"font-size:18px\">V\u00e1radi Ildik\u00f3<\/p>\n<\/div><\/div>\n\n\n\n<hr class=\"wp-block-separator has-alpha-channel-opacity\"\/>\n\n\n\n<p><\/p>\n\n\n\n<h2 class=\"wp-block-heading\">Presbit\u00e9rium 2018-2023<\/h2>\n\n\n\n<p style=\"font-size:18px\">Nyikos Andr\u00e1s &#8211; lelkip\u00e1sztor<br>Rem\u00e9nyin\u00e9 Bal\u00f3 Gy\u00f6ngyi &#8211; gondnok<br>P\u00e1ll Zolt\u00e1n, presbiter<br>Pord\u00e1n \u00c1kos, presbiter<br>V\u00e1radi Ildik\u00f3, presbiter<br>Falvi Zsolt, presbiter &#8211; 2021.06.08-ig<br>Sztanev Bertalan, gondnok &#8211; 2019.12.03-ig<br>Nagy Bal\u00e1zs, p\u00f3tpresbiter &#8211; 2018.12.31-ig<br><br><\/p>\n\n\n\n<h2 class=\"wp-block-heading\">Presbit\u00e9rium 2014-2017<\/h2>\n\n\n\n<p>Nyikos Andr\u00e1s &#8211; lelkip\u00e1sztor<br>Sztanev Bertalan &#8211; gondnok<br>K. Pappn\u00e9 Szalay Andrea<br>Keszthelyi Zsolt<br>Nagy Bal\u00e1zs<br>dr. Nagy L\u00e1szl\u00f3<br>Pord\u00e1n \u00c1kos<br>Rem\u00e9nyin\u00e9 Bal\u00f3 Gy\u00f6ngyi<br>Ribinszki Zs\u00f3fia   <br><\/p>\n\n\n\n<p><\/p>\n","protected":false},"excerpt":{"rendered":"<p>Nyikos Andr\u00e1slelkip\u00e1sztor Rem\u00e9nyin\u00e9 Bal\u00f3 Gy\u00f6ngyigondnok Dobos P\u00e9ter Dr. Jakus Zolt\u00e1n P\u00e1ll Zolt\u00e1n P\u00e1pai Antal Pord\u00e1n \u00c1kos Pord\u00e1n Endre V\u00e1radi Ildik\u00f3 Presbit\u00e9rium 2018-2023 Nyikos Andr\u00e1s &#8211; lelkip\u00e1sztorRem\u00e9nyin\u00e9 Bal\u00f3 Gy\u00f6ngyi &#8211; gondnokP\u00e1ll Zolt\u00e1n, presbiterPord\u00e1n \u00c1kos, presbiterV\u00e1radi Ildik\u00f3, presbiterFalvi Zsolt, presbiter &#8211; 2021.06.08-igSztanev Bertalan, gondnok &#8211; 2019.12.03-igNagy Bal\u00e1zs, p\u00f3tpresbiter &#8211; 2018.12.31-ig Presbit\u00e9rium 2014-2017 Nyikos Andr\u00e1s &#8211; lelkip\u00e1sztorSztanev Bertalan&#8230;<\/p>\n","protected":false},"author":4,"featured_media":0,"parent":0,"menu_order":0,"comment_status":"closed","ping_status":"closed","template":"","meta":{"ngg_post_thumbnail":0,"footnotes":""},"class_list":["post-153","page","type-page","status-publish","hentry"],"jetpack_sharing_enabled":true,"_links":{"self":[{"href":"https:\/\/arpadfoldiref.hu\/index.php\/wp-json\/wp\/v2\/pages\/153","targetHints":{"allow":["GET"]}}],"collection":[{"href":"https:\/\/arpadfoldiref.hu\/index.php\/wp-json\/wp\/v2\/pages"}],"about":[{"href":"https:\/\/arpadfoldiref.hu\/index.php\/wp-json\/wp\/v2\/types\/page"}],"author":[{"embeddable":true,"href":"https:\/\/arpadfoldiref.hu\/index.php\/wp-json\/wp\/v2\/users\/4"}],"replies":[{"embeddable":true,"href":"https:\/\/arpadfoldiref.hu\/index.php\/wp-json\/wp\/v2\/comments?post=153"}],"version-history":[{"count":17,"href":"https:\/\/arpadfoldiref.hu\/index.php\/wp-json\/wp\/v2\/pages\/153\/revisions"}],"predecessor-version":[{"id":2502,"href":"https:\/\/arpadfoldiref.hu\/index.php\/wp-json\/wp\/v2\/pages\/153\/revisions\/2502"}],"wp:attachment":[{"href":"https:\/\/arpadfoldiref.hu\/index.php\/wp-json\/wp\/v2\/media?parent=153"}],"curies":[{"name":"wp","href":"https:\/\/api.w.org\/{rel}","templated":true}]}}