{"id":185,"date":"2019-12-26T20:54:52","date_gmt":"2019-12-26T20:54:52","guid":{"rendered":"http:\/\/arpadfoldiref.hu\/?page_id=185"},"modified":"2025-11-12T19:04:02","modified_gmt":"2025-11-12T18:04:02","slug":"kapcsolat","status":"publish","type":"page","link":"https:\/\/arpadfoldiref.hu\/index.php\/kapcsolat\/","title":{"rendered":"Kapcsolat"},"content":{"rendered":"\n<p><\/p>\n\n\n\n<div class=\"wp-block-media-text alignwide is-stacked-on-mobile\" style=\"grid-template-columns:45% auto\"><figure class=\"wp-block-media-text__media\"><img loading=\"lazy\" decoding=\"async\" width=\"250\" height=\"375\" src=\"http:\/\/arpadfoldiref.hu\/wp-content\/uploads\/2019\/12\/Harangtorony.jpg\" alt=\"\" class=\"wp-image-177 size-full\" srcset=\"https:\/\/arpadfoldiref.hu\/wp-content\/uploads\/2019\/12\/Harangtorony.jpg 250w, https:\/\/arpadfoldiref.hu\/wp-content\/uploads\/2019\/12\/Harangtorony-200x300.jpg 200w\" sizes=\"auto, (max-width: 250px) 100vw, 250px\" \/><\/figure><div class=\"wp-block-media-text__content\">\n<p class=\"has-medium-font-size\"><strong>\u00c1rp\u00e1df\u00f6ldi Reform\u00e1tus Gy\u00fclekezet<\/strong><\/p>\n\n\n\n<p><strong>C\u00edm:<\/strong><br>1162 Budapest, Menyh\u00e9rt utca 42.<\/p>\n\n\n\n<p><strong>Lelkip\u00e1sztor: <\/strong>Nyikos Andr\u00e1s<\/p>\n\n\n\n<p><strong>Telefon:<\/strong>&nbsp;0630\/483-4638<\/p>\n\n\n\n<p><strong>Hivatal:<\/strong><br>1162 Budapest, Menyh\u00e9rt utca 42.<br><strong>Hivatali id\u0151:<\/strong><br>kedd 17:00-18:00, illetve megbesz\u00e9l\u00e9s szerint<br><br><strong>E-mail c\u00edm:<\/strong> <a href=\"mailto:budapest-arpadfold@reformatus.hu\" target=\"_blank\" rel=\"noreferrer noopener\">budapest-arpadfold@reformatus.hu<\/a><\/p>\n\n\n\n<p><strong>Banksz\u00e1mlasz\u00e1m:<\/strong><br> 12010879-01430756-00100005<\/p>\n\n\n\n<p><a href=\"https:\/\/www.youtube.com\/channel\/UCZy0GOIDoiMv2ot7HSaHrvQ\"><strong>YouTube csatorna<\/strong><\/a><\/p>\n<\/div><\/div>\n","protected":false},"excerpt":{"rendered":"<p>\u00c1rp\u00e1df\u00f6ldi Reform\u00e1tus Gy\u00fclekezet C\u00edm:1162 Budapest, Menyh\u00e9rt utca 42. Lelkip\u00e1sztor: Nyikos Andr\u00e1s Telefon:&nbsp;0630\/483-4638 Hivatal:1162 Budapest, Menyh\u00e9rt utca 42.Hivatali id\u0151:kedd 17:00-18:00, illetve megbesz\u00e9l\u00e9s szerint E-mail c\u00edm: budapest-arpadfold@reformatus.hu Banksz\u00e1mlasz\u00e1m: 12010879-01430756-00100005 YouTube csatorna<\/p>\n","protected":false},"author":4,"featured_media":0,"parent":0,"menu_order":0,"comment_status":"closed","ping_status":"closed","template":"","meta":{"ngg_post_thumbnail":0,"footnotes":""},"class_list":["post-185","page","type-page","status-publish","hentry"],"jetpack_sharing_enabled":true,"_links":{"self":[{"href":"https:\/\/arpadfoldiref.hu\/index.php\/wp-json\/wp\/v2\/pages\/185","targetHints":{"allow":["GET"]}}],"collection":[{"href":"https:\/\/arpadfoldiref.hu\/index.php\/wp-json\/wp\/v2\/pages"}],"about":[{"href":"https:\/\/arpadfoldiref.hu\/index.php\/wp-json\/wp\/v2\/types\/page"}],"author":[{"embeddable":true,"href":"https:\/\/arpadfoldiref.hu\/index.php\/wp-json\/wp\/v2\/users\/4"}],"replies":[{"embeddable":true,"href":"https:\/\/arpadfoldiref.hu\/index.php\/wp-json\/wp\/v2\/comments?post=185"}],"version-history":[{"count":17,"href":"https:\/\/arpadfoldiref.hu\/index.php\/wp-json\/wp\/v2\/pages\/185\/revisions"}],"predecessor-version":[{"id":2848,"href":"https:\/\/arpadfoldiref.hu\/index.php\/wp-json\/wp\/v2\/pages\/185\/revisions\/2848"}],"wp:attachment":[{"href":"https:\/\/arpadfoldiref.hu\/index.php\/wp-json\/wp\/v2\/media?parent=185"}],"curies":[{"name":"wp","href":"https:\/\/api.w.org\/{rel}","templated":true}]}}