{"id":201,"date":"2019-12-26T21:35:06","date_gmt":"2019-12-26T21:35:06","guid":{"rendered":"http:\/\/arpadfoldiref.hu\/?page_id=201"},"modified":"2019-12-30T20:30:19","modified_gmt":"2019-12-30T19:30:19","slug":"felfedezo","status":"publish","type":"page","link":"https:\/\/arpadfoldiref.hu\/index.php\/felfedezo\/","title":{"rendered":"Felfedez\u0151 sorozat"},"content":{"rendered":"\n<figure class=\"wp-block-image size-large\"><img loading=\"lazy\" decoding=\"async\" width=\"927\" height=\"387\" src=\"http:\/\/arpadfoldiref.hu\/wp-content\/uploads\/2019\/12\/Vilagitotorny_v.jpg\" alt=\"\" class=\"wp-image-269\" srcset=\"https:\/\/arpadfoldiref.hu\/wp-content\/uploads\/2019\/12\/Vilagitotorny_v.jpg 927w, https:\/\/arpadfoldiref.hu\/wp-content\/uploads\/2019\/12\/Vilagitotorny_v-300x125.jpg 300w, https:\/\/arpadfoldiref.hu\/wp-content\/uploads\/2019\/12\/Vilagitotorny_v-768x321.jpg 768w, https:\/\/arpadfoldiref.hu\/wp-content\/uploads\/2019\/12\/Vilagitotorny_v-850x355.jpg 850w\" sizes=\"auto, (max-width: 927px) 100vw, 927px\" \/><\/figure>\n\n\n\n<p><strong>Kedves \u00c9rdekl\u0151d\u0151!<\/strong><\/p>\n\n\n\n<p>Ha kutatsz \u00e9s keresel, mert \u00fagy \u00e9rzed valami hi\u00e1nyzik az \u00e9letedb\u0151l.<br>Ha ismersz kereszt\u00e9ny embereket, de nem ismered Istent.<br>Ha szeretn\u00e9l t\u00f6bbet megtudni Istenr\u0151l \u00e9s k\u00e9rd\u00e9seid vannak, amelyekre szeretn\u00e9l val\u00f3s v\u00e1laszokat kapni, akkor a Felfedez\u0151 sorozat Neked sz\u00f3l.<\/p>\n\n\n\n<p>Nem baj, ha nem volt a kezedben m\u00e9g Biblia. Az sem gond, ha m\u00e9g soha nem j\u00e1rt\u00e1l templomban. Most sem oda h\u00edvunk. Arra h\u00edvunk, hogy l\u00e9gy r\u00e9szese egy felfedez\u0151 \u00fatnak, egy 9 alkalmas besz\u00e9lget\u00e9ssorozatnak, ahol egyr\u00e9szt  tiszteletben tartjuk mindenki kult\u00far\u00e1j\u00e1t, hitvil\u00e1g\u00e1t, ugyanakkor sok \u00e9rdekes dolgot hallhatsz Istenr\u0151l, a kereszt\u00e9nys\u00e9gr\u0151l, \u00e9s b\u00e1tran felteheted eddig megv\u00e1laszolatlan k\u00e9rd\u00e9seidet.<br>Besz\u00e9l\u00fcnk arr\u00f3l, hogy:<\/p>\n\n\n\n<ul class=\"wp-block-list\"><li>Milyen a kereszt\u00e9nys\u00e9g a modern ember szem\u00e9vel?<\/li><li> Van-e Isten?<\/li><li> Szavahihet\u0151-e a Biblia?<\/li><li> Isten-e J\u00e9zus?<\/li><li> Mi\u00e9rt engedi Isten a szenved\u00e9st<\/li><li> Mi a helyzet a t\u00f6bbi vall\u00e1ssal?<\/li><li> Lehets\u00e9gesek-e a csod\u00e1k?<\/li><\/ul>\n\n\n\n<p class=\"has-normal-font-size\">A sok k\u00e9rd\u00e9s, m\u00e9g t\u00f6bbet vet fel. De a j\u00f3 h\u00edr, hogy van V\u00c1LASZ. Van v\u00e1lasz mindegyik k\u00e9rd\u00e9sre \u00e9s azokra is, amelyek Benned mer\u00fclnek fel.<br><br><strong>Mikor indul a k\u00f6vetkez\u0151 sorozat?<\/strong><br>Felfedez\u0151 sorozatot \u00e1ltal\u00e1ban \u00e9venk\u00e9nt egyszer ind\u00edtunk. Mindig egy csal\u00e1d l\u00e1tja vend\u00e9g\u00fcl a sorozat r\u00e9sztvev\u0151it. Ha sz\u00edvesen r\u00e9szt venn\u00e9l a k\u00f6vetkez\u0151n, vagy szeretn\u00e9l t\u00f6bbet megtudni a programr\u00f3l, \u00e9rdekl\u0151dj az al\u00e1bbi el\u00e9rhet\u0151s\u00e9geken, vagy figyeld honlapunk h\u00edreit.<br><br>\u00c9rdekl\u0151dhetsz a&nbsp; <a rel=\"noreferrer noopener\" href=\"mailto:budapest-arpadfold@reformatus.hu\" target=\"_blank\">budapest-arpadfold@reformatus.hu<\/a> e-mailc\u00edmen, vagy a 06-30\/483-46-38 telefonsz\u00e1mon Nyikos Andr\u00e1s lelk\u00e9szn\u00e9l.<\/p>\n\n\n\n<p><\/p>\n","protected":false},"excerpt":{"rendered":"<p>Kedves \u00c9rdekl\u0151d\u0151! Ha kutatsz \u00e9s keresel, mert \u00fagy \u00e9rzed valami hi\u00e1nyzik az \u00e9letedb\u0151l.Ha ismersz kereszt\u00e9ny embereket, de nem ismered Istent.Ha szeretn\u00e9l t\u00f6bbet megtudni Istenr\u0151l \u00e9s k\u00e9rd\u00e9seid vannak, amelyekre szeretn\u00e9l val\u00f3s v\u00e1laszokat kapni, akkor a Felfedez\u0151 sorozat Neked sz\u00f3l. Nem baj, ha nem volt a kezedben m\u00e9g Biblia. Az sem gond, ha m\u00e9g soha nem j\u00e1rt\u00e1l&#8230;<\/p>\n","protected":false},"author":4,"featured_media":0,"parent":0,"menu_order":0,"comment_status":"closed","ping_status":"closed","template":"","meta":{"ngg_post_thumbnail":0,"footnotes":""},"class_list":["post-201","page","type-page","status-publish","hentry"],"jetpack_sharing_enabled":true,"_links":{"self":[{"href":"https:\/\/arpadfoldiref.hu\/index.php\/wp-json\/wp\/v2\/pages\/201","targetHints":{"allow":["GET"]}}],"collection":[{"href":"https:\/\/arpadfoldiref.hu\/index.php\/wp-json\/wp\/v2\/pages"}],"about":[{"href":"https:\/\/arpadfoldiref.hu\/index.php\/wp-json\/wp\/v2\/types\/page"}],"author":[{"embeddable":true,"href":"https:\/\/arpadfoldiref.hu\/index.php\/wp-json\/wp\/v2\/users\/4"}],"replies":[{"embeddable":true,"href":"https:\/\/arpadfoldiref.hu\/index.php\/wp-json\/wp\/v2\/comments?post=201"}],"version-history":[{"count":8,"href":"https:\/\/arpadfoldiref.hu\/index.php\/wp-json\/wp\/v2\/pages\/201\/revisions"}],"predecessor-version":[{"id":349,"href":"https:\/\/arpadfoldiref.hu\/index.php\/wp-json\/wp\/v2\/pages\/201\/revisions\/349"}],"wp:attachment":[{"href":"https:\/\/arpadfoldiref.hu\/index.php\/wp-json\/wp\/v2\/media?parent=201"}],"curies":[{"name":"wp","href":"https:\/\/api.w.org\/{rel}","templated":true}]}}