{"id":2925,"date":"2026-04-19T05:00:00","date_gmt":"2026-04-19T04:00:00","guid":{"rendered":"https:\/\/arpadfoldiref.hu\/?page_id=2925"},"modified":"2026-04-19T08:56:33","modified_gmt":"2026-04-19T07:56:33","slug":"2026-2","status":"publish","type":"page","link":"https:\/\/arpadfoldiref.hu\/index.php\/2026-2\/","title":{"rendered":"2026"},"content":{"rendered":"<p><center><b>2026.04.19. &#8211; Nyikos Andr\u00e1s<\/b><\/p>\n<p><\/center><br \/>\n<center><br \/>\n<iframe loading=\"lazy\" width=\"560\" height=\"315\" src=\"https:\/\/www.youtube.com\/embed\/dJw69rseHFw?si=5GfdIWpaLQBxwG6k\" title=\"YouTube video player\" frameborder=\"0\" allow=\"accelerometer; autoplay; clipboard-write; encrypted-media; gyroscope; picture-in-picture; web-share\" referrerpolicy=\"strict-origin-when-cross-origin\" allowfullscreen><\/iframe><br \/>\n<\/center><br \/>\n<center><b>2026.04.12. &#8211; Risk\u00f3 J\u00e1nos<\/b><\/p>\n<p><\/center><br \/>\n<center><br \/>\n<iframe loading=\"lazy\" width=\"560\" height=\"315\" src=\"https:\/\/www.youtube.com\/embed\/uAYCWKfobtY?si=ec0-YM6tLK-0ipLQ\" title=\"YouTube video player\" frameborder=\"0\" allow=\"accelerometer; autoplay; clipboard-write; encrypted-media; gyroscope; picture-in-picture; web-share\" referrerpolicy=\"strict-origin-when-cross-origin\" allowfullscreen><\/iframe><br \/>\n<\/center><br \/>\n<center><b>2026.04.06. &#8211; Szab\u00f3 \u00c1rnika<\/b><\/p>\n<p><\/center><br \/>\n<center><br \/>\n<iframe loading=\"lazy\" width=\"560\" height=\"315\" src=\"https:\/\/www.youtube.com\/embed\/fJLnZUf-XLE?si=8m5H2co87_CV3qHu\" title=\"YouTube video player\" frameborder=\"0\" allow=\"accelerometer; autoplay; clipboard-write; encrypted-media; gyroscope; picture-in-picture; web-share\" referrerpolicy=\"strict-origin-when-cross-origin\" allowfullscreen><\/iframe><br \/>\n<\/center><br \/>\n<center><b>2026.04.05. &#8211; Nyikos Andr\u00e1s<\/b><\/p>\n<p><\/center><br \/>\n<center><br \/>\n<iframe loading=\"lazy\" width=\"560\" height=\"315\" src=\"https:\/\/www.youtube.com\/embed\/GjVOjZM8dHc?si=DsGHWmpUOK56Xy32\" title=\"YouTube video player\" frameborder=\"0\" allow=\"accelerometer; autoplay; clipboard-write; encrypted-media; gyroscope; picture-in-picture; web-share\" referrerpolicy=\"strict-origin-when-cross-origin\" allowfullscreen><\/iframe><br \/>\n<\/center><br \/>\n<center><b>2026.04.03. J\u00e1nos 19, 16-30 &#8211; Nyikos Andr\u00e1s<\/b><\/p>\n<p><\/center><br \/>\n<center><br \/>\n<iframe loading=\"lazy\" width=\"560\" height=\"315\" src=\"https:\/\/www.youtube.com\/embed\/wOzK-DT1KqY?si=u5UsysNfU7J8WnoC\" title=\"YouTube video player\" frameborder=\"0\" allow=\"accelerometer; autoplay; clipboard-write; encrypted-media; gyroscope; picture-in-picture; web-share\" referrerpolicy=\"strict-origin-when-cross-origin\" allowfullscreen><\/iframe><br \/>\n<\/center><br \/>\n<center><b>2026.04.02. Szab\u00f3 \u00c1rnika<\/b><\/p>\n<p><\/center><br \/>\n<center><br \/>\n<iframe loading=\"lazy\" width=\"560\" height=\"315\" src=\"https:\/\/www.youtube.com\/embed\/HSP5gBwNrd4?si=eSnPvdRqLCkRpdwd\" title=\"YouTube video player\" frameborder=\"0\" allow=\"accelerometer; autoplay; clipboard-write; encrypted-media; gyroscope; picture-in-picture; web-share\" referrerpolicy=\"strict-origin-when-cross-origin\" allowfullscreen><\/iframe><br \/>\n<\/center><br \/>\n<center><b>2026.03.29. Nyikos Andr\u00e1s<\/b><\/p>\n<p><\/center><br \/>\n<center><br \/>\n<iframe loading=\"lazy\" width=\"560\" height=\"315\" src=\"https:\/\/www.youtube.com\/embed\/UzubSBNPwII?si=MNd2GnW1WOkXLG68\" title=\"YouTube video player\" frameborder=\"0\" allow=\"accelerometer; autoplay; clipboard-write; encrypted-media; gyroscope; picture-in-picture; web-share\" referrerpolicy=\"strict-origin-when-cross-origin\" allowfullscreen><\/iframe><br \/>\n<\/center><br \/>\n<center><b>2026.03.22. Nyikos Andr\u00e1s<\/b><\/p>\n<p><\/center><br \/>\n<center><br \/>\n<iframe loading=\"lazy\" width=\"560\" height=\"315\" src=\"https:\/\/www.youtube.com\/embed\/npS7xCdgF5g?si=g-DvxFa6c7oTitNG\" title=\"YouTube video player\" frameborder=\"0\" allow=\"accelerometer; autoplay; clipboard-write; encrypted-media; gyroscope; picture-in-picture; web-share\" referrerpolicy=\"strict-origin-when-cross-origin\" allowfullscreen><\/iframe><br \/>\n<\/center><br \/>\n<center><b>2026.03.15. Nyikos Andr\u00e1s<\/b><\/p>\n<p><\/center><br \/>\n<center><br \/>\n<iframe loading=\"lazy\" width=\"560\" height=\"315\" src=\"https:\/\/www.youtube.com\/embed\/8lmVpiKgGZ8?si=NH-mBo9q7bgl7RTI\" title=\"YouTube video player\" frameborder=\"0\" allow=\"accelerometer; autoplay; clipboard-write; encrypted-media; gyroscope; picture-in-picture; web-share\" referrerpolicy=\"strict-origin-when-cross-origin\" allowfullscreen><\/iframe><br \/>\n<\/center><br \/>\n<center><b>2026.03.08. Kert\u00e9sz P\u00e9ter<\/b><\/p>\n<p><\/center><br \/>\n<center><br \/>\n<iframe loading=\"lazy\" width=\"560\" height=\"315\" src=\"https:\/\/www.youtube.com\/embed\/QxmAZHMMsk0?si=3QVt71Q0tdE6iRJL\" title=\"YouTube video player\" frameborder=\"0\" allow=\"accelerometer; autoplay; clipboard-write; encrypted-media; gyroscope; picture-in-picture; web-share\" referrerpolicy=\"strict-origin-when-cross-origin\" allowfullscreen><\/iframe><br \/>\n<\/center><br \/>\n<center><b>2026.03.01. Nyikos Andr\u00e1s<\/b><\/p>\n<p><\/center><br \/>\n<center><br \/>\n<iframe loading=\"lazy\" width=\"560\" height=\"315\" src=\"https:\/\/www.youtube.com\/embed\/lnCGKDy5uaA?si=DOwJ7nr45N7PTgcz\" title=\"YouTube video player\" frameborder=\"0\" allow=\"accelerometer; autoplay; clipboard-write; encrypted-media; gyroscope; picture-in-picture; web-share\" referrerpolicy=\"strict-origin-when-cross-origin\" allowfullscreen><\/iframe><br \/>\n<\/center><br \/>\n<center><b>2026.02.22. Nyikos Andr\u00e1s<\/b><\/p>\n<p><\/center><br \/>\n<center><br \/>\n<iframe loading=\"lazy\" width=\"560\" height=\"315\" src=\"https:\/\/www.youtube.com\/embed\/h9wcPWpXbfs?si=Z-eygySeRxxWSbBJ\" title=\"YouTube video player\" frameborder=\"0\" allow=\"accelerometer; autoplay; clipboard-write; encrypted-media; gyroscope; picture-in-picture; web-share\" referrerpolicy=\"strict-origin-when-cross-origin\" allowfullscreen><\/iframe><br \/>\n<\/center><br \/>\n<center><b>2026.02.15. Nyikos Andr\u00e1s<\/b><\/p>\n<p><\/center><br \/>\n<center><br \/>\n<iframe loading=\"lazy\" width=\"560\" height=\"315\" src=\"https:\/\/www.youtube.com\/embed\/yd9zSVV3C9Q?si=L5QlWjCQRr-YvO-W\" title=\"YouTube video player\" frameborder=\"0\" allow=\"accelerometer; autoplay; clipboard-write; encrypted-media; gyroscope; picture-in-picture; web-share\" referrerpolicy=\"strict-origin-when-cross-origin\" allowfullscreen><\/iframe><br \/>\n<\/center><br \/>\n<center><b>2026.02.08. Nyikos Andr\u00e1s<\/b><\/p>\n<p><\/center><br \/>\n<center><br \/>\n<iframe loading=\"lazy\" width=\"560\" height=\"315\" src=\"https:\/\/www.youtube.com\/embed\/kIXTRNaqKIQ?si=3NjC6nc-Qub2m8LZ\" title=\"YouTube video player\" frameborder=\"0\" allow=\"accelerometer; autoplay; clipboard-write; encrypted-media; gyroscope; picture-in-picture; web-share\" referrerpolicy=\"strict-origin-when-cross-origin\" allowfullscreen><\/iframe><br \/>\n<\/center><br \/>\n<center><b>2026.02.01. Risk\u00f3 J\u00e1nos<\/b><\/p>\n<p><\/center><br \/>\n<center><br \/>\n<iframe loading=\"lazy\" width=\"560\" height=\"315\" src=\"https:\/\/www.youtube.com\/embed\/vhT_EncuxRs?si=W30pT6epFt1AvLVK\" title=\"YouTube video player\" frameborder=\"0\" allow=\"accelerometer; autoplay; clipboard-write; encrypted-media; gyroscope; picture-in-picture; web-share\" referrerpolicy=\"strict-origin-when-cross-origin\" allowfullscreen><\/iframe><br \/>\n<\/center><br \/>\n<center><b>2026.01.25. Nyikos Andr\u00e1s<\/b><\/p>\n<p><\/center><br \/>\n<center><br \/>\n<iframe loading=\"lazy\" width=\"560\" height=\"315\" src=\"https:\/\/www.youtube.com\/embed\/B1-9unj9P4g?si=-w9s05kwUpydrZJ1\" title=\"YouTube video player\" frameborder=\"0\" allow=\"accelerometer; autoplay; clipboard-write; encrypted-media; gyroscope; picture-in-picture; web-share\" referrerpolicy=\"strict-origin-when-cross-origin\" allowfullscreen><\/iframe><br \/>\n<\/center><\/p>\n<p><center><b>2026.01.18. Nyikos Andr\u00e1s<\/b><\/p>\n<p><\/center><br \/>\n<center><br \/>\n<iframe loading=\"lazy\" width=\"560\" height=\"315\" src=\"https:\/\/www.youtube.com\/embed\/HPMYFLKy_3Q?si=qjGdhZR8KeiOJDkG\" title=\"YouTube video player\" frameborder=\"0\" allow=\"accelerometer; autoplay; clipboard-write; encrypted-media; gyroscope; picture-in-picture; web-share\" referrerpolicy=\"strict-origin-when-cross-origin\" allowfullscreen><\/iframe><br \/>\n<\/center><\/p>\n<p><center><b>2026.01.11. Nyikos Andr\u00e1s<\/b><\/p>\n<p><\/center><br \/>\n<center><br \/>\n<iframe loading=\"lazy\" width=\"560\" height=\"315\" src=\"https:\/\/www.youtube.com\/embed\/pJyk2nO2_3A?si=SVD9ElSPzUyfUtS-\" title=\"YouTube video player\" frameborder=\"0\" allow=\"accelerometer; autoplay; clipboard-write; encrypted-media; gyroscope; picture-in-picture; web-share\" referrerpolicy=\"strict-origin-when-cross-origin\" allowfullscreen><\/iframe><br \/>\n<\/center><\/p>\n<p><center><b>2026.01.04. Nyikos Andr\u00e1s<\/b><\/p>\n<p><\/center><br \/>\n<center><br \/>\n<iframe loading=\"lazy\" width=\"560\" height=\"315\" src=\"https:\/\/www.youtube.com\/embed\/OegBD2HsHfA?si=Ec3eWg7gYgywIlnq\" title=\"YouTube video player\" frameborder=\"0\" allow=\"accelerometer; autoplay; clipboard-write; encrypted-media; gyroscope; picture-in-picture; web-share\" referrerpolicy=\"strict-origin-when-cross-origin\" allowfullscreen><\/iframe><br \/>\n<\/center><\/p>\n<p><center><b>2026.01.01. Nyikos Andr\u00e1s<\/b><\/p>\n<p><\/center><br \/>\n<center><br \/>\n<iframe loading=\"lazy\" width=\"560\" height=\"315\" src=\"https:\/\/www.youtube.com\/embed\/5bKPBXjbXSk?si=OvLAiel_19PNI_oX\" title=\"YouTube video player\" frameborder=\"0\" allow=\"accelerometer; autoplay; clipboard-write; encrypted-media; gyroscope; picture-in-picture; web-share\" referrerpolicy=\"strict-origin-when-cross-origin\" allowfullscreen><\/iframe><br \/>\n<\/center><\/p>\n","protected":false},"excerpt":{"rendered":"<p>2026.04.19. &#8211; Nyikos Andr\u00e1s 2026.04.12. &#8211; Risk\u00f3 J\u00e1nos 2026.04.06. &#8211; Szab\u00f3 \u00c1rnika 2026.04.05. &#8211; Nyikos Andr\u00e1s 2026.04.03. J\u00e1nos 19, 16-30 &#8211; Nyikos Andr\u00e1s 2026.04.02. Szab\u00f3 \u00c1rnika 2026.03.29. Nyikos Andr\u00e1s 2026.03.22. Nyikos Andr\u00e1s 2026.03.15. Nyikos Andr\u00e1s 2026.03.08. Kert\u00e9sz P\u00e9ter 2026.03.01. Nyikos Andr\u00e1s 2026.02.22. Nyikos Andr\u00e1s 2026.02.15. Nyikos Andr\u00e1s 2026.02.08. Nyikos Andr\u00e1s 2026.02.01. Risk\u00f3 J\u00e1nos 2026.01.25. Nyikos&#8230;<\/p>\n","protected":false},"author":2,"featured_media":0,"parent":0,"menu_order":0,"comment_status":"closed","ping_status":"closed","template":"","meta":{"ngg_post_thumbnail":0,"footnotes":""},"class_list":["post-2925","page","type-page","status-publish","hentry"],"jetpack_sharing_enabled":true,"_links":{"self":[{"href":"https:\/\/arpadfoldiref.hu\/index.php\/wp-json\/wp\/v2\/pages\/2925","targetHints":{"allow":["GET"]}}],"collection":[{"href":"https:\/\/arpadfoldiref.hu\/index.php\/wp-json\/wp\/v2\/pages"}],"about":[{"href":"https:\/\/arpadfoldiref.hu\/index.php\/wp-json\/wp\/v2\/types\/page"}],"author":[{"embeddable":true,"href":"https:\/\/arpadfoldiref.hu\/index.php\/wp-json\/wp\/v2\/users\/2"}],"replies":[{"embeddable":true,"href":"https:\/\/arpadfoldiref.hu\/index.php\/wp-json\/wp\/v2\/comments?post=2925"}],"version-history":[{"count":21,"href":"https:\/\/arpadfoldiref.hu\/index.php\/wp-json\/wp\/v2\/pages\/2925\/revisions"}],"predecessor-version":[{"id":3017,"href":"https:\/\/arpadfoldiref.hu\/index.php\/wp-json\/wp\/v2\/pages\/2925\/revisions\/3017"}],"wp:attachment":[{"href":"https:\/\/arpadfoldiref.hu\/index.php\/wp-json\/wp\/v2\/media?parent=2925"}],"curies":[{"name":"wp","href":"https:\/\/api.w.org\/{rel}","templated":true}]}}