{"id":35,"date":"2019-12-24T09:30:59","date_gmt":"2019-12-24T09:30:59","guid":{"rendered":"http:\/\/arpadfoldiref.hu\/?page_id=35"},"modified":"2019-12-26T23:15:55","modified_gmt":"2019-12-26T23:15:55","slug":"gyulekezet-hitvallasa","status":"publish","type":"page","link":"https:\/\/arpadfoldiref.hu\/index.php\/gyulekezet-hitvallasa\/","title":{"rendered":"Gy\u00fclekezet hitvall\u00e1sa"},"content":{"rendered":"\n<p>Gy\u00fclekezet\u00fcnk hiszi \u00e9s vallja, hogy \u00e9let\u00fcnk egyetlen szil\u00e1rd \u00e9s megrend\u00edthetetlen alapja J\u00e9zus Krisztus. A Biblia evang\u00e9lium\u00e1nak hirdet\u00e9s\u00e9vel befogad\u00f3 gy\u00fclekezett\u00e9 szeretn\u00e9nk v\u00e1lni. A gy\u00fclekezet tagjait seg\u00edtj\u00fck a krisztusi \u00e9retts\u00e9g el\u00e9r\u00e9s\u00e9ben, a gy\u00fclekezeti k\u00f6z\u00f6ss\u00e9g meg\u00e9l\u00e9s\u00e9ben, szolg\u00e1latba \u00e1ll\u00edt\u00e1s\u00e1ban, hogy k\u00fcldet\u00e9s\u00fcket bet\u00f6lthess\u00e9k Isten magasztal\u00e1s\u00e1ra.<\/p>\n","protected":false},"excerpt":{"rendered":"<p>Gy\u00fclekezet\u00fcnk hiszi \u00e9s vallja, hogy \u00e9let\u00fcnk egyetlen szil\u00e1rd \u00e9s megrend\u00edthetetlen alapja J\u00e9zus Krisztus. A Biblia evang\u00e9lium\u00e1nak hirdet\u00e9s\u00e9vel befogad\u00f3 gy\u00fclekezett\u00e9 szeretn\u00e9nk v\u00e1lni. A gy\u00fclekezet tagjait seg\u00edtj\u00fck a krisztusi \u00e9retts\u00e9g el\u00e9r\u00e9s\u00e9ben, a gy\u00fclekezeti k\u00f6z\u00f6ss\u00e9g meg\u00e9l\u00e9s\u00e9ben, szolg\u00e1latba \u00e1ll\u00edt\u00e1s\u00e1ban, hogy k\u00fcldet\u00e9s\u00fcket bet\u00f6lthess\u00e9k Isten magasztal\u00e1s\u00e1ra.<\/p>\n","protected":false},"author":2,"featured_media":0,"parent":0,"menu_order":0,"comment_status":"closed","ping_status":"closed","template":"","meta":{"ngg_post_thumbnail":0,"footnotes":""},"class_list":["post-35","page","type-page","status-publish","hentry"],"jetpack_sharing_enabled":true,"_links":{"self":[{"href":"https:\/\/arpadfoldiref.hu\/index.php\/wp-json\/wp\/v2\/pages\/35","targetHints":{"allow":["GET"]}}],"collection":[{"href":"https:\/\/arpadfoldiref.hu\/index.php\/wp-json\/wp\/v2\/pages"}],"about":[{"href":"https:\/\/arpadfoldiref.hu\/index.php\/wp-json\/wp\/v2\/types\/page"}],"author":[{"embeddable":true,"href":"https:\/\/arpadfoldiref.hu\/index.php\/wp-json\/wp\/v2\/users\/2"}],"replies":[{"embeddable":true,"href":"https:\/\/arpadfoldiref.hu\/index.php\/wp-json\/wp\/v2\/comments?post=35"}],"version-history":[{"count":2,"href":"https:\/\/arpadfoldiref.hu\/index.php\/wp-json\/wp\/v2\/pages\/35\/revisions"}],"predecessor-version":[{"id":126,"href":"https:\/\/arpadfoldiref.hu\/index.php\/wp-json\/wp\/v2\/pages\/35\/revisions\/126"}],"wp:attachment":[{"href":"https:\/\/arpadfoldiref.hu\/index.php\/wp-json\/wp\/v2\/media?parent=35"}],"curies":[{"name":"wp","href":"https:\/\/api.w.org\/{rel}","templated":true}]}}