{"id":372,"date":"2020-01-01T13:02:04","date_gmt":"2020-01-01T12:02:04","guid":{"rendered":"http:\/\/arpadfoldiref.hu\/?page_id=372"},"modified":"2021-06-28T17:03:07","modified_gmt":"2021-06-28T16:03:07","slug":"hittantabor","status":"publish","type":"page","link":"https:\/\/arpadfoldiref.hu\/index.php\/hittantabor\/","title":{"rendered":"Hittant\u00e1bor"},"content":{"rendered":"\n<div class=\"wp-block-media-text alignwide is-stacked-on-mobile\"><figure class=\"wp-block-media-text__media\"><img loading=\"lazy\" decoding=\"async\" width=\"640\" height=\"480\" src=\"http:\/\/arpadfoldiref.hu\/wp-content\/uploads\/2020\/01\/IMG_5283.jpg\" alt=\"\" class=\"wp-image-383 size-full\" srcset=\"https:\/\/arpadfoldiref.hu\/wp-content\/uploads\/2020\/01\/IMG_5283.jpg 640w, https:\/\/arpadfoldiref.hu\/wp-content\/uploads\/2020\/01\/IMG_5283-300x225.jpg 300w\" sizes=\"auto, (max-width: 640px) 100vw, 640px\" \/><\/figure><div class=\"wp-block-media-text__content\">\n<p class=\"has-normal-font-size\">&#8220;<em>J\u00e9zus azonban mag\u00e1hoz h\u00edvta \u0151ket, \u00e9s \u00edgy sz\u00f3lt: Engedj\u00e9tek hozz\u00e1m j\u00f6nni a kisgyermekeket, \u00e9s ne akad\u00e1lyozz\u00e1tok \u0151ket, mert ilyenek\u00e9 az Isten orsz\u00e1ga.<\/em>&#8220;<br><em>Lk 18,16<\/em><\/p>\n<\/div><\/div>\n\n\n\n<p><br>A hittant\u00e1bor gy\u00fclekezet\u00fcnk egyik nagyon fontos esem\u00e9nye. Nem meglep\u0151 ez, hiszen sok kis \u00e9s nagy gyermekes csal\u00e1d tagja a gy\u00fclekezetnek. Gyermekistentiszteleten \u00e1ltal\u00e1ban 15-20 fiatal vesz r\u00e9szt 2 korcsoportban. <br>A hittant\u00e1bor alkalm\u00e1val lehet\u0151s\u00e9g van arra, hogy a k\u00f6z\u00f6sen elt\u00f6lt\u00f6tt napokban sokat tudjunk besz\u00e9lgetni Istenr\u0151l, a Bibli\u00e1r\u00f3l, J\u00e9zusr\u00f3l vagy a megv\u00e1lt\u00e1sr\u00f3l a gyerekek nyelv\u00e9n, \u00e9s lehet\u0151s\u00e9g van arra is, hogy ne csak a gy\u00fclekezetbe rendszeresen j\u00e1r\u00f3kkal tal\u00e1lkozzunk, hanem az iskolai hittanos gyerekekkel, vagy \u00e9ppen a nagymam\u00e1n\u00e1l nyaral\u00f3 fiatalokkal.<br>A t\u00e1bor mindig egy kerett\u00f6rt\u00e9netre \u00e9p\u00fcl, amely v\u00e9gig k\u00eds\u00e9ri az egy\u00fctt t\u00f6lt\u00f6tt napokat. Ez seg\u00edt eligazodni a bibliai t\u00f6rt\u00e9netekben, seg\u00edt felismerni, hogy mi is Isten sz\u00e1munkra k\u00e9sz\u00edtett \u00fczenete \u00e9s seg\u00edt megmutatni, hogy mindez hogyan \u00e9rkezik el a gyerekek \u00e9let\u00e9be, mindennapjaiba.<br>Hittant\u00e1bor idej\u00e9n gyerekekkel telik meg a templom, a gy\u00fclekezeti termek, \u00e9s gyermek zsivaj t\u00f6lti be j\u00e1t\u00e9k idej\u00e9n a kertet.<br> Hittant\u00e1borunk 5 napos, reggel 8-16 \u00f3r\u00e1ig tart, mely id\u0151 alatt h\u00e1romszori \u00e9tkez\u00e9st biztos\u00edtunk (t\u00edz\u00f3rai, eb\u00e9d, uzsonna).<\/p>\n\n\n\n<figure class=\"wp-block-gallery columns-2 is-cropped wp-block-gallery-1 is-layout-flex wp-block-gallery-is-layout-flex\"><ul class=\"blocks-gallery-grid\"><li class=\"blocks-gallery-item\"><figure><img loading=\"lazy\" decoding=\"async\" width=\"640\" height=\"480\" src=\"http:\/\/arpadfoldiref.hu\/wp-content\/uploads\/2020\/01\/IMG_5292.jpg\" alt=\"\" data-id=\"384\" data-full-url=\"http:\/\/arpadfoldiref.hu\/wp-content\/uploads\/2020\/01\/IMG_5292.jpg\" data-link=\"http:\/\/arpadfoldiref.hu\/index.php\/hittantabor\/img_5292\/\" class=\"wp-image-384\" srcset=\"https:\/\/arpadfoldiref.hu\/wp-content\/uploads\/2020\/01\/IMG_5292.jpg 640w, https:\/\/arpadfoldiref.hu\/wp-content\/uploads\/2020\/01\/IMG_5292-300x225.jpg 300w\" sizes=\"auto, (max-width: 640px) 100vw, 640px\" \/><\/figure><\/li><li class=\"blocks-gallery-item\"><figure><img loading=\"lazy\" decoding=\"async\" width=\"640\" height=\"480\" src=\"http:\/\/arpadfoldiref.hu\/wp-content\/uploads\/2020\/01\/IMG_5324.jpg\" alt=\"\" data-id=\"385\" data-full-url=\"http:\/\/arpadfoldiref.hu\/wp-content\/uploads\/2020\/01\/IMG_5324.jpg\" data-link=\"http:\/\/arpadfoldiref.hu\/index.php\/hittantabor\/img_5324\/\" class=\"wp-image-385\" srcset=\"https:\/\/arpadfoldiref.hu\/wp-content\/uploads\/2020\/01\/IMG_5324.jpg 640w, https:\/\/arpadfoldiref.hu\/wp-content\/uploads\/2020\/01\/IMG_5324-300x225.jpg 300w\" sizes=\"auto, (max-width: 640px) 100vw, 640px\" \/><\/figure><\/li><\/ul><\/figure>\n\n\n\n<p>Napirend\u00fcnk:<\/p>\n\n\n\n<ul class=\"wp-block-list\"><li>8.30-ig gy\u00fclekez\u0151, j\u00e1t\u00e9k<\/li><li> K\u00f6z\u00f6s \u00e9nekl\u00e9s \u00e9s a kerett\u00f6rt\u00e9net megtekint\u00e9se<\/li><li> Csoportos besz\u00e9lget\u00e9sek a gyerekek sz\u00e1m\u00e1t\u00f3l \u00e9letkor\u00e1t\u00f3l f\u00fcgg\u0151en 2-3 csoportban<\/li><li> K\u00f6zben t\u00edz\u00f3rai j\u00e1t\u00e9k, k\u00e9zm\u0171vesked\u00e9s, ill. a nagyobbaknak a besz\u00e9lget\u00e9s folytat\u00e1sa, vagy aranymond\u00e1s tanul\u00e1sa<\/li><li> Eb\u00e9d<\/li><li> K\u00f6z\u00f6s j\u00e1t\u00e9k, d\u00e9lut\u00e1ni besz\u00e9lget\u00e9sek, vend\u00e9gek, k\u00e9zm\u0171vesked\u00e9s<\/li><li> Uzsonna, k\u00f6z\u00f6s \u00e9nekl\u00e9s<\/li><li> J\u00e1t\u00e9k hazaindul\u00e1sig <\/li><\/ul>\n\n\n\n<figure class=\"wp-block-gallery columns-2 is-cropped wp-block-gallery-2 is-layout-flex wp-block-gallery-is-layout-flex\"><ul class=\"blocks-gallery-grid\"><li class=\"blocks-gallery-item\"><figure><img loading=\"lazy\" decoding=\"async\" width=\"979\" height=\"734\" src=\"http:\/\/arpadfoldiref.hu\/wp-content\/uploads\/2020\/01\/IMG_1673.jpg\" alt=\"\" data-id=\"377\" data-full-url=\"http:\/\/arpadfoldiref.hu\/wp-content\/uploads\/2020\/01\/IMG_1673.jpg\" data-link=\"http:\/\/arpadfoldiref.hu\/index.php\/hittantabor\/img_1673\/\" class=\"wp-image-377\" srcset=\"https:\/\/arpadfoldiref.hu\/wp-content\/uploads\/2020\/01\/IMG_1673.jpg 979w, https:\/\/arpadfoldiref.hu\/wp-content\/uploads\/2020\/01\/IMG_1673-300x225.jpg 300w, https:\/\/arpadfoldiref.hu\/wp-content\/uploads\/2020\/01\/IMG_1673-768x576.jpg 768w, https:\/\/arpadfoldiref.hu\/wp-content\/uploads\/2020\/01\/IMG_1673-850x637.jpg 850w\" sizes=\"auto, (max-width: 979px) 100vw, 979px\" \/><\/figure><\/li><li class=\"blocks-gallery-item\"><figure><img loading=\"lazy\" decoding=\"async\" width=\"1024\" height=\"768\" src=\"http:\/\/arpadfoldiref.hu\/wp-content\/uploads\/2020\/01\/IMG_1684-1024x768.jpg\" alt=\"\" data-id=\"378\" data-full-url=\"http:\/\/arpadfoldiref.hu\/wp-content\/uploads\/2020\/01\/IMG_1684.jpg\" data-link=\"http:\/\/arpadfoldiref.hu\/index.php\/hittantabor\/img_1684\/\" class=\"wp-image-378\" srcset=\"https:\/\/arpadfoldiref.hu\/wp-content\/uploads\/2020\/01\/IMG_1684-1024x768.jpg 1024w, https:\/\/arpadfoldiref.hu\/wp-content\/uploads\/2020\/01\/IMG_1684-300x225.jpg 300w, https:\/\/arpadfoldiref.hu\/wp-content\/uploads\/2020\/01\/IMG_1684-768x576.jpg 768w, https:\/\/arpadfoldiref.hu\/wp-content\/uploads\/2020\/01\/IMG_1684-850x638.jpg 850w, https:\/\/arpadfoldiref.hu\/wp-content\/uploads\/2020\/01\/IMG_1684.jpg 1306w\" sizes=\"auto, (max-width: 1024px) 100vw, 1024px\" \/><\/figure><\/li><\/ul><\/figure>\n\n\n\n<p>Nagy \u00f6r\u00f6m\u00fcnkre a hittant\u00e1borunkban sok, m\u00e1r konfirm\u00e1lt fiatal szolg\u00e1l, akik az \u00e9nekl\u00e9sben, zen\u00e9l\u00e9sben, a kerett\u00f6rt\u00e9netek megeleven\u00edt\u00e9s\u00e9ben, vagy ak\u00e1r a t\u00edz\u00f3rai, uzsonna k\u00e9sz\u00edt\u00e9s\u00e9ben vesznek r\u00e9szt. Egyr\u00e9szt hatalmas seg\u00edts\u00e9g ez a feln\u0151tt szolg\u00e1l\u00f3knak, m\u00e1sr\u00e9sz p\u00e9ldak\u00e9nt szolg\u00e1l a gyerekek sz\u00e1m\u00e1ra, mert \u00edgy a gyakorlatban is l\u00e1tj\u00e1k, milyen, ha az Ige ott \u00e9l a mindennapjainkban, cselekedeteinkben \u00e9s l\u00e1tj\u00e1k, hogy milyen Isten dics\u0151s\u00e9g\u00e9re szolg\u00e1lni.<\/p>\n\n\n\n<figure class=\"wp-block-gallery columns-2 is-cropped wp-block-gallery-3 is-layout-flex wp-block-gallery-is-layout-flex\"><ul class=\"blocks-gallery-grid\"><li class=\"blocks-gallery-item\"><figure><img loading=\"lazy\" decoding=\"async\" width=\"979\" height=\"734\" src=\"http:\/\/arpadfoldiref.hu\/wp-content\/uploads\/2020\/01\/IMG_1691.jpg\" alt=\"\" data-id=\"380\" data-full-url=\"http:\/\/arpadfoldiref.hu\/wp-content\/uploads\/2020\/01\/IMG_1691.jpg\" data-link=\"http:\/\/arpadfoldiref.hu\/index.php\/hittantabor\/img_1691\/\" class=\"wp-image-380\" srcset=\"https:\/\/arpadfoldiref.hu\/wp-content\/uploads\/2020\/01\/IMG_1691.jpg 979w, https:\/\/arpadfoldiref.hu\/wp-content\/uploads\/2020\/01\/IMG_1691-300x225.jpg 300w, https:\/\/arpadfoldiref.hu\/wp-content\/uploads\/2020\/01\/IMG_1691-768x576.jpg 768w, https:\/\/arpadfoldiref.hu\/wp-content\/uploads\/2020\/01\/IMG_1691-850x637.jpg 850w\" sizes=\"auto, (max-width: 979px) 100vw, 979px\" \/><\/figure><\/li><li class=\"blocks-gallery-item\"><figure><img loading=\"lazy\" decoding=\"async\" width=\"816\" height=\"612\" src=\"http:\/\/arpadfoldiref.hu\/wp-content\/uploads\/2020\/01\/IMG_1735.jpg\" alt=\"\" data-id=\"382\" data-full-url=\"http:\/\/arpadfoldiref.hu\/wp-content\/uploads\/2020\/01\/IMG_1735.jpg\" data-link=\"http:\/\/arpadfoldiref.hu\/index.php\/hittantabor\/img_1735\/\" class=\"wp-image-382\" srcset=\"https:\/\/arpadfoldiref.hu\/wp-content\/uploads\/2020\/01\/IMG_1735.jpg 816w, https:\/\/arpadfoldiref.hu\/wp-content\/uploads\/2020\/01\/IMG_1735-300x225.jpg 300w, https:\/\/arpadfoldiref.hu\/wp-content\/uploads\/2020\/01\/IMG_1735-768x576.jpg 768w\" sizes=\"auto, (max-width: 816px) 100vw, 816px\" \/><\/figure><\/li><\/ul><\/figure>\n\n\n\n<p>Szeretettel v\u00e1runk minden gyermeket 4 \u00e9s 13 \u00e9v k\u00f6z\u00f6tt, akik szeretn\u00e9nek 5 felejthetetlen napot elt\u00f6lteni egy\u00fctt, Isten jelenl\u00e9t\u00e9ben.<br><br>Hittant\u00e1borunkat \u00e1ltal\u00e1ban a ny\u00e1ri sz\u00fcnet legelej\u00e9n, az iskolai z\u00e1r\u00e1st k\u00f6vet\u0151 h\u00e9ten keddt\u0151l szombatig tartjuk. Vas\u00e1rnap pedig az istentiszteletre v\u00e1rjuk a t\u00e1borban r\u00e9sztvev\u0151 gyerekeket \u00e9s csal\u00e1djukat, hogy egy kisebb k\u00e9pes \u00e9lm\u00e9nybesz\u00e1mol\u00f3val \u00e9s k\u00f6z\u00f6s \u00e9nekl\u00e9ssel mutassuk meg mindenkinek, hogyan is telt a h\u00e9t a t\u00e1borban.<br>Helysz\u00edn: \u00c1rp\u00e1df\u00f6ldi Reform\u00e1tus Gy\u00fclekezet, 1162 Budapest, Menyh\u00e9rt u. 42.<br><br>Ha sz\u00edvesen egy\u00fctt lenn\u00e9l vel\u00fcnk, ha sz\u00edvesen elhozn\u00e1d gyermeked, esetleg k\u00e9rd\u00e9seid vannak, \u00e9rdekl\u0151dj az al\u00e1bbi el\u00e9rhet\u0151s\u00e9geken, vagy figyeld honlapunk h\u00edreit. <br>\u00c9rdekl\u0151dhetsz a\u00a0 <a rel=\"noreferrer noopener\" href=\"mailto:budapest-arpadfold@reformatus.hu\" target=\"_blank\">budapest-arpadfold@reformatus.hu<\/a> e-mail c\u00edmen, vagy a 06-30\/483-46-38 telefonsz\u00e1mon Nyikos Andr\u00e1s lelk\u00e9szn\u00e9l.<\/p>\n\n\n\n<figure class=\"wp-block-image size-large\"><img loading=\"lazy\" decoding=\"async\" width=\"979\" height=\"734\" src=\"http:\/\/arpadfoldiref.hu\/wp-content\/uploads\/2020\/01\/IMG_1687.jpg\" alt=\"\" class=\"wp-image-379\" srcset=\"https:\/\/arpadfoldiref.hu\/wp-content\/uploads\/2020\/01\/IMG_1687.jpg 979w, https:\/\/arpadfoldiref.hu\/wp-content\/uploads\/2020\/01\/IMG_1687-300x225.jpg 300w, https:\/\/arpadfoldiref.hu\/wp-content\/uploads\/2020\/01\/IMG_1687-768x576.jpg 768w, https:\/\/arpadfoldiref.hu\/wp-content\/uploads\/2020\/01\/IMG_1687-850x637.jpg 850w\" sizes=\"auto, (max-width: 979px) 100vw, 979px\" \/><\/figure>\n\n\n\n<p> <\/p>\n","protected":false},"excerpt":{"rendered":"<p>&#8220;J\u00e9zus azonban mag\u00e1hoz h\u00edvta \u0151ket, \u00e9s \u00edgy sz\u00f3lt: Engedj\u00e9tek hozz\u00e1m j\u00f6nni a kisgyermekeket, \u00e9s ne akad\u00e1lyozz\u00e1tok \u0151ket, mert ilyenek\u00e9 az Isten orsz\u00e1ga.&#8220;Lk 18,16 A hittant\u00e1bor gy\u00fclekezet\u00fcnk egyik nagyon fontos esem\u00e9nye. Nem meglep\u0151 ez, hiszen sok kis \u00e9s nagy gyermekes csal\u00e1d tagja a gy\u00fclekezetnek. Gyermekistentiszteleten \u00e1ltal\u00e1ban 15-20 fiatal vesz r\u00e9szt 2 korcsoportban. A hittant\u00e1bor alkalm\u00e1val lehet\u0151s\u00e9g&#8230;<\/p>\n","protected":false},"author":4,"featured_media":0,"parent":0,"menu_order":0,"comment_status":"closed","ping_status":"closed","template":"","meta":{"ngg_post_thumbnail":0,"footnotes":""},"class_list":["post-372","page","type-page","status-publish","hentry"],"jetpack_sharing_enabled":true,"_links":{"self":[{"href":"https:\/\/arpadfoldiref.hu\/index.php\/wp-json\/wp\/v2\/pages\/372","targetHints":{"allow":["GET"]}}],"collection":[{"href":"https:\/\/arpadfoldiref.hu\/index.php\/wp-json\/wp\/v2\/pages"}],"about":[{"href":"https:\/\/arpadfoldiref.hu\/index.php\/wp-json\/wp\/v2\/types\/page"}],"author":[{"embeddable":true,"href":"https:\/\/arpadfoldiref.hu\/index.php\/wp-json\/wp\/v2\/users\/4"}],"replies":[{"embeddable":true,"href":"https:\/\/arpadfoldiref.hu\/index.php\/wp-json\/wp\/v2\/comments?post=372"}],"version-history":[{"count":12,"href":"https:\/\/arpadfoldiref.hu\/index.php\/wp-json\/wp\/v2\/pages\/372\/revisions"}],"predecessor-version":[{"id":1520,"href":"https:\/\/arpadfoldiref.hu\/index.php\/wp-json\/wp\/v2\/pages\/372\/revisions\/1520"}],"wp:attachment":[{"href":"https:\/\/arpadfoldiref.hu\/index.php\/wp-json\/wp\/v2\/media?parent=372"}],"curies":[{"name":"wp","href":"https:\/\/api.w.org\/{rel}","templated":true}]}}