{"id":39,"date":"2019-12-24T09:34:40","date_gmt":"2019-12-24T09:34:40","guid":{"rendered":"http:\/\/arpadfoldiref.hu\/?page_id=39"},"modified":"2020-05-22T20:17:08","modified_gmt":"2020-05-22T19:17:08","slug":"szolgalatok","status":"publish","type":"page","link":"https:\/\/arpadfoldiref.hu\/index.php\/szolgalatok\/","title":{"rendered":"SZOLG\u00c1LATOK"},"content":{"rendered":"\n<p><a href=\"https:\/\/arpadfoldiref.hu\/index.php\/kereszteles\/\">Keresztel\u00e9s<\/a><br><a href=\"https:\/\/arpadfoldiref.hu\/index.php\/hazassagkotes\/\">H\u00e1zass\u00e1gk\u00f6t\u00e9s<\/a><br><a href=\"https:\/\/arpadfoldiref.hu\/index.php\/78-2\/\">Temet\u00e9s<\/a><br>Konfirm\u00e1ci\u00f3<\/p>\n","protected":false},"excerpt":{"rendered":"<p>Keresztel\u00e9sH\u00e1zass\u00e1gk\u00f6t\u00e9sTemet\u00e9sKonfirm\u00e1ci\u00f3<\/p>\n","protected":false},"author":2,"featured_media":0,"parent":0,"menu_order":0,"comment_status":"closed","ping_status":"closed","template":"","meta":{"ngg_post_thumbnail":0,"footnotes":""},"class_list":["post-39","page","type-page","status-publish","hentry"],"jetpack_sharing_enabled":true,"_links":{"self":[{"href":"https:\/\/arpadfoldiref.hu\/index.php\/wp-json\/wp\/v2\/pages\/39","targetHints":{"allow":["GET"]}}],"collection":[{"href":"https:\/\/arpadfoldiref.hu\/index.php\/wp-json\/wp\/v2\/pages"}],"about":[{"href":"https:\/\/arpadfoldiref.hu\/index.php\/wp-json\/wp\/v2\/types\/page"}],"author":[{"embeddable":true,"href":"https:\/\/arpadfoldiref.hu\/index.php\/wp-json\/wp\/v2\/users\/2"}],"replies":[{"embeddable":true,"href":"https:\/\/arpadfoldiref.hu\/index.php\/wp-json\/wp\/v2\/comments?post=39"}],"version-history":[{"count":6,"href":"https:\/\/arpadfoldiref.hu\/index.php\/wp-json\/wp\/v2\/pages\/39\/revisions"}],"predecessor-version":[{"id":981,"href":"https:\/\/arpadfoldiref.hu\/index.php\/wp-json\/wp\/v2\/pages\/39\/revisions\/981"}],"wp:attachment":[{"href":"https:\/\/arpadfoldiref.hu\/index.php\/wp-json\/wp\/v2\/media?parent=39"}],"curies":[{"name":"wp","href":"https:\/\/api.w.org\/{rel}","templated":true}]}}