{"id":41,"date":"2019-12-24T09:35:29","date_gmt":"2019-12-24T09:35:29","guid":{"rendered":"http:\/\/arpadfoldiref.hu\/?page_id=41"},"modified":"2020-05-22T20:09:04","modified_gmt":"2020-05-22T19:09:04","slug":"evangelizacio","status":"publish","type":"page","link":"https:\/\/arpadfoldiref.hu\/index.php\/evangelizacio\/","title":{"rendered":"EVANGELIZ\u00c1CI\u00d3"},"content":{"rendered":"\n<p><a href=\"https:\/\/arpadfoldiref.hu\/index.php\/felfedezo\/\">Felfedez\u0151<\/a><br><a href=\"https:\/\/arpadfoldiref.hu\/index.php\/kereszt-kerdesek\/\">Kereszt-K\u00e9rd\u00e9sek<\/a><\/p>\n","protected":false},"excerpt":{"rendered":"<p>Felfedez\u0151Kereszt-K\u00e9rd\u00e9sek<\/p>\n","protected":false},"author":2,"featured_media":0,"parent":0,"menu_order":0,"comment_status":"closed","ping_status":"closed","template":"","meta":{"ngg_post_thumbnail":0,"footnotes":""},"class_list":["post-41","page","type-page","status-publish","hentry"],"jetpack_sharing_enabled":true,"_links":{"self":[{"href":"https:\/\/arpadfoldiref.hu\/index.php\/wp-json\/wp\/v2\/pages\/41","targetHints":{"allow":["GET"]}}],"collection":[{"href":"https:\/\/arpadfoldiref.hu\/index.php\/wp-json\/wp\/v2\/pages"}],"about":[{"href":"https:\/\/arpadfoldiref.hu\/index.php\/wp-json\/wp\/v2\/types\/page"}],"author":[{"embeddable":true,"href":"https:\/\/arpadfoldiref.hu\/index.php\/wp-json\/wp\/v2\/users\/2"}],"replies":[{"embeddable":true,"href":"https:\/\/arpadfoldiref.hu\/index.php\/wp-json\/wp\/v2\/comments?post=41"}],"version-history":[{"count":4,"href":"https:\/\/arpadfoldiref.hu\/index.php\/wp-json\/wp\/v2\/pages\/41\/revisions"}],"predecessor-version":[{"id":974,"href":"https:\/\/arpadfoldiref.hu\/index.php\/wp-json\/wp\/v2\/pages\/41\/revisions\/974"}],"wp:attachment":[{"href":"https:\/\/arpadfoldiref.hu\/index.php\/wp-json\/wp\/v2\/media?parent=41"}],"curies":[{"name":"wp","href":"https:\/\/api.w.org\/{rel}","templated":true}]}}