{"id":414,"date":"2020-01-02T18:51:05","date_gmt":"2020-01-02T17:51:05","guid":{"rendered":"http:\/\/arpadfoldiref.hu\/?page_id=414"},"modified":"2020-01-03T12:00:18","modified_gmt":"2020-01-03T11:00:18","slug":"gyerekistentisztelet","status":"publish","type":"page","link":"https:\/\/arpadfoldiref.hu\/index.php\/gyerekistentisztelet\/","title":{"rendered":"Gyerekistentisztelet"},"content":{"rendered":"\n<div class=\"wp-block-media-text alignwide\"><figure class=\"wp-block-media-text__media\"><img loading=\"lazy\" decoding=\"async\" width=\"615\" height=\"443\" src=\"http:\/\/arpadfoldiref.hu\/wp-content\/uploads\/2020\/01\/Tortenet_3.jpg\" alt=\"\" class=\"wp-image-433\" srcset=\"https:\/\/arpadfoldiref.hu\/wp-content\/uploads\/2020\/01\/Tortenet_3.jpg 615w, https:\/\/arpadfoldiref.hu\/wp-content\/uploads\/2020\/01\/Tortenet_3-300x216.jpg 300w\" sizes=\"auto, (max-width: 615px) 100vw, 615px\" \/><\/figure><div class=\"wp-block-media-text__content\">\n<p><em>&#8220;A gyermek pedig n\u00f6vekedett \u00e9s er\u0151s\u00f6d\u00f6tt, megtelt b\u00f6lcsess\u00e9ggel, \u00e9s Isten kegyelme volt rajta.&#8221;<br>Lk 2,40 <\/em><\/p>\n<\/div><\/div>\n\n\n\n<p><br>A feln\u0151tt istentisztelettel egy id\u0151ben, elhivatott szolg\u00e1l\u00f3k v\u00e1rj\u00e1k a legifjabbakat az emeleti termekben, gyerekistentiszteletre. <br>A foglalkoz\u00e1sokat csoportbont\u00e1sban tartjuk, k\u00fcl\u00f6nv\u00e1lasztva az \u00f3vod\u00e1s, kisiskol\u00e1s koroszt\u00e1lyt, a nagyobb iskol\u00e1sokt\u00f3l.<\/p>\n\n\n\n<p>A kisebbekn\u00e9l mindig arra t\u00f6reksz\u00fcnk, hogy a gyermekek nyelv\u00e9re ford\u00edtsuk le az evang\u00e9liumot. Tessz\u00fck ezt k\u00f6tetlen besz\u00e9lget\u00e9s, j\u00e1t\u00e9k, dramatiz\u00e1l\u00e1s \u00fatj\u00e1n, sok \u00e9nekkel \u00e9s mozg\u00e1ssal k\u00eds\u00e9rve. Ha kell haj\u00f3t \u00e9p\u00edt\u00fcnk p\u00e1rn\u00e1kb\u00f3l, takar\u00f3kb\u00f3l, vagy megm\u00e9rj\u00fck G\u00f3li\u00e1t magass\u00e1g\u00e1t, palacsint\u00e1t t\u00f6lt\u00fcnk \u00e9s megvend\u00e9gelj\u00fck egym\u00e1st. C\u00e9lunk, hogy a gyerekek \u00e1t\u00e9rezz\u00e9k, meg\u00e9lj\u00e9k az egyes bibliai t\u00f6rt\u00e9netek \u00fczenet\u00e9t.<br>Minden alkalommal az igei t\u00f6rt\u00e9nethez kapcsol\u00f3d\u00f3an k\u00e9zm\u0171vesked\u00fcnk, amit hazavihetnek a gyerekek \u00e9s elmondhatj\u00e1k otthon, hogy mir\u0151l is volt sz\u00f3 a gyerekistentiszteleten.<\/p>\n\n\n\n<figure class=\"wp-block-gallery columns-2 is-cropped wp-block-gallery-1 is-layout-flex wp-block-gallery-is-layout-flex\"><ul class=\"blocks-gallery-grid\"><li class=\"blocks-gallery-item\"><figure><img loading=\"lazy\" decoding=\"async\" width=\"599\" height=\"437\" src=\"http:\/\/arpadfoldiref.hu\/wp-content\/uploads\/2020\/01\/Tortenet_1.jpg\" alt=\"\" data-id=\"435\" data-full-url=\"http:\/\/arpadfoldiref.hu\/wp-content\/uploads\/2020\/01\/Tortenet_1.jpg\" data-link=\"http:\/\/arpadfoldiref.hu\/index.php\/gyerekistentisztelet\/tortenet_1\/\" class=\"wp-image-435\" srcset=\"https:\/\/arpadfoldiref.hu\/wp-content\/uploads\/2020\/01\/Tortenet_1.jpg 599w, https:\/\/arpadfoldiref.hu\/wp-content\/uploads\/2020\/01\/Tortenet_1-300x219.jpg 300w\" sizes=\"auto, (max-width: 599px) 100vw, 599px\" \/><\/figure><\/li><li class=\"blocks-gallery-item\"><figure><img loading=\"lazy\" decoding=\"async\" width=\"604\" height=\"446\" src=\"http:\/\/arpadfoldiref.hu\/wp-content\/uploads\/2020\/01\/Tortenet_2.jpg\" alt=\"\" data-id=\"436\" data-full-url=\"http:\/\/arpadfoldiref.hu\/wp-content\/uploads\/2020\/01\/Tortenet_2.jpg\" data-link=\"http:\/\/arpadfoldiref.hu\/index.php\/gyerekistentisztelet\/tortenet_2\/\" class=\"wp-image-436\" srcset=\"https:\/\/arpadfoldiref.hu\/wp-content\/uploads\/2020\/01\/Tortenet_2.jpg 604w, https:\/\/arpadfoldiref.hu\/wp-content\/uploads\/2020\/01\/Tortenet_2-300x222.jpg 300w\" sizes=\"auto, (max-width: 604px) 100vw, 604px\" \/><\/figure><\/li><\/ul><\/figure>\n\n\n\n<p>A nagyobbak m\u00e1r a bibli\u00e1t haszn\u00e1lva, olvass\u00e1k \u00e9s besz\u00e9lik meg az \u00f3- vagy \u00fajsz\u00f6vets\u00e9gi t\u00f6rt\u00e9neteket \u00e9s pr\u00f3b\u00e1lj\u00e1k leford\u00edtani, meghallani Isten saj\u00e1t kis \u00e9let\u00fckre sz\u00f3l\u00f3 \u00fczenet\u00e9t.<\/p>\n\n\n\n<p>Szeretettel\nv\u00e1runk minden gyermeket, akik szeretn\u00e9k megtapasztalni az \u201eemeleti csod\u00e1kat\u201d.<\/p>\n\n\n\n<figure class=\"wp-block-gallery columns-2 is-cropped wp-block-gallery-2 is-layout-flex wp-block-gallery-is-layout-flex\"><ul class=\"blocks-gallery-grid\"><li class=\"blocks-gallery-item\"><figure><img loading=\"lazy\" decoding=\"async\" width=\"543\" height=\"400\" src=\"http:\/\/arpadfoldiref.hu\/wp-content\/uploads\/2020\/01\/Tortenet_4.jpg\" alt=\"\" data-id=\"437\" data-full-url=\"http:\/\/arpadfoldiref.hu\/wp-content\/uploads\/2020\/01\/Tortenet_4.jpg\" data-link=\"http:\/\/arpadfoldiref.hu\/index.php\/gyerekistentisztelet\/tortenet_4\/\" class=\"wp-image-437\" srcset=\"https:\/\/arpadfoldiref.hu\/wp-content\/uploads\/2020\/01\/Tortenet_4.jpg 543w, https:\/\/arpadfoldiref.hu\/wp-content\/uploads\/2020\/01\/Tortenet_4-300x221.jpg 300w\" sizes=\"auto, (max-width: 543px) 100vw, 543px\" \/><\/figure><\/li><li class=\"blocks-gallery-item\"><figure><img loading=\"lazy\" decoding=\"async\" width=\"553\" height=\"412\" src=\"http:\/\/arpadfoldiref.hu\/wp-content\/uploads\/2020\/01\/Tortenet_5.jpg\" alt=\"\" data-id=\"438\" data-full-url=\"http:\/\/arpadfoldiref.hu\/wp-content\/uploads\/2020\/01\/Tortenet_5.jpg\" data-link=\"http:\/\/arpadfoldiref.hu\/index.php\/gyerekistentisztelet\/tortenet_5\/\" class=\"wp-image-438\" srcset=\"https:\/\/arpadfoldiref.hu\/wp-content\/uploads\/2020\/01\/Tortenet_5.jpg 553w, https:\/\/arpadfoldiref.hu\/wp-content\/uploads\/2020\/01\/Tortenet_5-300x224.jpg 300w\" sizes=\"auto, (max-width: 553px) 100vw, 553px\" \/><\/figure><\/li><\/ul><\/figure>\n","protected":false},"excerpt":{"rendered":"<p>&#8220;A gyermek pedig n\u00f6vekedett \u00e9s er\u0151s\u00f6d\u00f6tt, megtelt b\u00f6lcsess\u00e9ggel, \u00e9s Isten kegyelme volt rajta.&#8221;Lk 2,40 A feln\u0151tt istentisztelettel egy id\u0151ben, elhivatott szolg\u00e1l\u00f3k v\u00e1rj\u00e1k a legifjabbakat az emeleti termekben, gyerekistentiszteletre. A foglalkoz\u00e1sokat csoportbont\u00e1sban tartjuk, k\u00fcl\u00f6nv\u00e1lasztva az \u00f3vod\u00e1s, kisiskol\u00e1s koroszt\u00e1lyt, a nagyobb iskol\u00e1sokt\u00f3l. A kisebbekn\u00e9l mindig arra t\u00f6reksz\u00fcnk, hogy a gyermekek nyelv\u00e9re ford\u00edtsuk le az evang\u00e9liumot. Tessz\u00fck ezt&#8230;<\/p>\n","protected":false},"author":4,"featured_media":0,"parent":0,"menu_order":0,"comment_status":"closed","ping_status":"closed","template":"","meta":{"ngg_post_thumbnail":0,"footnotes":""},"class_list":["post-414","page","type-page","status-publish","hentry"],"jetpack_sharing_enabled":true,"_links":{"self":[{"href":"https:\/\/arpadfoldiref.hu\/index.php\/wp-json\/wp\/v2\/pages\/414","targetHints":{"allow":["GET"]}}],"collection":[{"href":"https:\/\/arpadfoldiref.hu\/index.php\/wp-json\/wp\/v2\/pages"}],"about":[{"href":"https:\/\/arpadfoldiref.hu\/index.php\/wp-json\/wp\/v2\/types\/page"}],"author":[{"embeddable":true,"href":"https:\/\/arpadfoldiref.hu\/index.php\/wp-json\/wp\/v2\/users\/4"}],"replies":[{"embeddable":true,"href":"https:\/\/arpadfoldiref.hu\/index.php\/wp-json\/wp\/v2\/comments?post=414"}],"version-history":[{"count":5,"href":"https:\/\/arpadfoldiref.hu\/index.php\/wp-json\/wp\/v2\/pages\/414\/revisions"}],"predecessor-version":[{"id":440,"href":"https:\/\/arpadfoldiref.hu\/index.php\/wp-json\/wp\/v2\/pages\/414\/revisions\/440"}],"wp:attachment":[{"href":"https:\/\/arpadfoldiref.hu\/index.php\/wp-json\/wp\/v2\/media?parent=414"}],"curies":[{"name":"wp","href":"https:\/\/api.w.org\/{rel}","templated":true}]}}