{"id":43,"date":"2019-12-24T09:36:43","date_gmt":"2019-12-24T09:36:43","guid":{"rendered":"http:\/\/arpadfoldiref.hu\/?page_id=43"},"modified":"2020-05-22T20:22:15","modified_gmt":"2020-05-22T19:22:15","slug":"alkalmak","status":"publish","type":"page","link":"https:\/\/arpadfoldiref.hu\/index.php\/alkalmak\/","title":{"rendered":"ALKALMAK"},"content":{"rendered":"\n<p><a href=\"https:\/\/arpadfoldiref.hu\/index.php\/gyerekistentisztelet\/\">Gyerekistentisztelet<\/a><br><a href=\"https:\/\/arpadfoldiref.hu\/index.php\/bibliaora\/\">Biblia\u00f3ra<\/a> <br><a href=\"https:\/\/arpadfoldiref.hu\/index.php\/hittantabor\/\">Hittant\u00e1bor<\/a><br><a href=\"https:\/\/arpadfoldiref.hu\/index.php\/csendeshet\/\">Csendesh\u00e9t<\/a><br><a href=\"https:\/\/arpadfoldiref.hu\/index.php\/baba-mama-kor\/\">Baba-mama k\u00f6r<\/a><br><a href=\"https:\/\/arpadfoldiref.hu\/index.php\/hazaskor\/\">H\u00e1zask\u00f6r<\/a><\/p>\n","protected":false},"excerpt":{"rendered":"<p>GyerekistentiszteletBiblia\u00f3ra Hittant\u00e1borCsendesh\u00e9tBaba-mama k\u00f6rH\u00e1zask\u00f6r<\/p>\n","protected":false},"author":2,"featured_media":0,"parent":0,"menu_order":0,"comment_status":"closed","ping_status":"closed","template":"","meta":{"ngg_post_thumbnail":0,"footnotes":""},"class_list":["post-43","page","type-page","status-publish","hentry"],"jetpack_sharing_enabled":true,"_links":{"self":[{"href":"https:\/\/arpadfoldiref.hu\/index.php\/wp-json\/wp\/v2\/pages\/43","targetHints":{"allow":["GET"]}}],"collection":[{"href":"https:\/\/arpadfoldiref.hu\/index.php\/wp-json\/wp\/v2\/pages"}],"about":[{"href":"https:\/\/arpadfoldiref.hu\/index.php\/wp-json\/wp\/v2\/types\/page"}],"author":[{"embeddable":true,"href":"https:\/\/arpadfoldiref.hu\/index.php\/wp-json\/wp\/v2\/users\/2"}],"replies":[{"embeddable":true,"href":"https:\/\/arpadfoldiref.hu\/index.php\/wp-json\/wp\/v2\/comments?post=43"}],"version-history":[{"count":8,"href":"https:\/\/arpadfoldiref.hu\/index.php\/wp-json\/wp\/v2\/pages\/43\/revisions"}],"predecessor-version":[{"id":987,"href":"https:\/\/arpadfoldiref.hu\/index.php\/wp-json\/wp\/v2\/pages\/43\/revisions\/987"}],"wp:attachment":[{"href":"https:\/\/arpadfoldiref.hu\/index.php\/wp-json\/wp\/v2\/media?parent=43"}],"curies":[{"name":"wp","href":"https:\/\/api.w.org\/{rel}","templated":true}]}}