{"id":74,"date":"2019-12-24T11:35:18","date_gmt":"2019-12-24T11:35:18","guid":{"rendered":"http:\/\/arpadfoldiref.hu\/?page_id=74"},"modified":"2019-12-26T22:57:09","modified_gmt":"2019-12-26T22:57:09","slug":"kereszteles","status":"publish","type":"page","link":"https:\/\/arpadfoldiref.hu\/index.php\/kereszteles\/","title":{"rendered":"Keresztel\u00e9s"},"content":{"rendered":"\n<p><\/p>\n\n\n\n<div class=\"wp-block-media-text alignwide\" style=\"grid-template-columns:58% auto\"><figure class=\"wp-block-media-text__media\"><img loading=\"lazy\" decoding=\"async\" width=\"303\" height=\"166\" src=\"http:\/\/arpadfoldiref.hu\/wp-content\/uploads\/2019\/12\/Kereszteles_baba_1.jpg\" alt=\"\" class=\"wp-image-133\" srcset=\"https:\/\/arpadfoldiref.hu\/wp-content\/uploads\/2019\/12\/Kereszteles_baba_1.jpg 303w, https:\/\/arpadfoldiref.hu\/wp-content\/uploads\/2019\/12\/Kereszteles_baba_1-300x164.jpg 300w\" sizes=\"auto, (max-width: 303px) 100vw, 303px\" \/><\/figure><div class=\"wp-block-media-text__content\">\n<p style=\"font-size:15px\"><em>\u201eNem \u00e9ltem m\u00e9g e F\u00f6ld sz\u00edn\u00e9n, Te \u00e9rtem megsz\u00fclett\u00e9l,<br>m\u00e9g r\u00f3lad mit sem tudtam \u00e9n, tulajdonodd\u00e1 tett\u00e9l.\u201d<br>(Reform\u00e1tus \u00c9nekesk\u00f6nyv, 329. \u00e9nek)&nbsp; <\/em><\/p>\n<\/div><\/div>\n\n\n\n<p><br>Szeretettel k\u00f6sz\u00f6ntj\u00fck gy\u00fclekezet\u00fcnk k\u00f6z\u00f6ss\u00e9g\u00e9ben a kedves Sz\u00fcl\u0151ket \u00e9s Keresztsz\u00fcl\u0151ket, akik elhozz\u00e1k gyermek\u00fcket megkereszteltetni. Nagy \u00f6r\u00f6m ez sz\u00e1munkra, hiszen minden keresztel\u00e9ssel Isten akarata, parancsolata v\u00e1lik val\u00f3ra gy\u00fclekezet\u00fcnkben.<\/p>\n\n\n\n<p><em>&#8220;N\u00e9kem adatott minden hatalom mennyen \u00e9s f\u00f6ld\u00f6n. Elmenv\u00e9n az\u00e9rt, tegyetek tan\u00edtv\u00e1nyokk\u00e1 minden n\u00e9peket, megkeresztelv\u00e9n \u0151ket az Aty\u00e1nak, a Fi\u00fanak \u00e9s a Szent L\u00e9leknek nev\u00e9ben&#8221;<\/em> <em>(M\u00e1t\u00e9 28, 18-19)<\/em><\/p>\n\n\n\n<p>A kereszts\u00e9g sz\u00f6vets\u00e9g Istennel, \u00edgy a keresztel\u00e9s egy folyamat, egy \u00fat kezdete. \u00d6r\u00f6mmel fogadjuk, v\u00e1rjuk csal\u00e1djukat a k\u00e9s\u0151bbiekben is istentiszteleti alkalmainkra. Az a v\u00e1gyunk, hogy a csal\u00e1d minden tagja egyre m\u00e9lyebben megismerje gy\u00fclekezet\u00fcnket \u00e9s a mi Urunknak, J\u00e9zus Krisztusnak szeretet\u00e9t.<br><br><strong>Keresztel\u00e9si felt\u00e9telek<\/strong><br>Gyermekek \u00e9s feln\u0151ttek egyar\u00e1nt r\u00e9szes\u00fclhetnek a kereszts\u00e9g s\u00e1kramentum\u00e1ban. <br>A gyermekeket a sz\u00fcl\u0151k k\u00e9r\u00e9s\u00e9re keresztelj\u00fck meg. Helyett\u00fck a sz\u00fcl\u0151k \u00e9s a keresztsz\u00fcl\u0151k tesznek fogadalmat arra n\u00e9zve, hogy reform\u00e1tus hitben nevelik fel, \u00e9s elseg\u00edtik \u0151ket a konfirm\u00e1ci\u00f3hoz. <br>A keresztel\u00e9s el\u0151tt ez\u00e9rt a sz\u00fcl\u0151kkel \u00e9s a keresztsz\u00fcl\u0151kkel k\u00e9t alkalommal tal\u00e1lkozunk, hogy egy\u00fctt k\u00e9sz\u00fclj\u00fcnk, besz\u00e9lgess\u00fcnk err\u0151l a fogadalomr\u00f3l, a kereszts\u00e9g l\u00e9nyeg\u00e9r\u0151l, \u00e9s a gyakorlati tudnival\u00f3kr\u00f3l.<\/p>\n\n\n\n<p>A feln\u0151ttek a kereszts\u00e9g alkalm\u00e1val m\u00e1r \u00f6nmaguk fejezik ki sz\u00e1nd\u00e9kukat, hogy J\u00e9zus Krisztus elk\u00f6telezett k\u00f6vet\u0151i legyenek, \u00e9s ez\u00e9rt konfirm\u00e1ci\u00f3i fogadalmat is tesznek. Ezt a hitvall\u00e1st egy konfirm\u00e1ci\u00f3ra felk\u00e9sz\u00edt\u0151 sorozat el\u0151zi meg, ahol lehet\u0151s\u00e9g van megismerkedni hit\u00fcnk alapjaival, a Szent\u00edr\u00e1s igazs\u00e1gaival.<\/p>\n\n\n\n<p>Gyermek- \u00e9s feln\u0151tt keresztel\u00e9ssel kapcsolatban \u00e9rdekl\u0151dni, jelentkezni a lelkip\u00e1sztorn\u00e1l, illetve a gy\u00fclekezeti el\u00e9rhet\u0151s\u00e9geinken lehet.<br><br>Nyikos Andr\u00e1s \u2013 lelkip\u00e1sztor<br>Email: <a rel=\"noreferrer noopener\" href=\"mailto:budapest-arpadfold@reformatus.hu\" target=\"_blank\">budapest-arpadfold@reformatus.hu<\/a><br>Telefon: +3630\/483-4638<\/p>\n","protected":false},"excerpt":{"rendered":"<p>\u201eNem \u00e9ltem m\u00e9g e F\u00f6ld sz\u00edn\u00e9n, Te \u00e9rtem megsz\u00fclett\u00e9l,m\u00e9g r\u00f3lad mit sem tudtam \u00e9n, tulajdonodd\u00e1 tett\u00e9l.\u201d(Reform\u00e1tus \u00c9nekesk\u00f6nyv, 329. \u00e9nek)&nbsp; Szeretettel k\u00f6sz\u00f6ntj\u00fck gy\u00fclekezet\u00fcnk k\u00f6z\u00f6ss\u00e9g\u00e9ben a kedves Sz\u00fcl\u0151ket \u00e9s Keresztsz\u00fcl\u0151ket, akik elhozz\u00e1k gyermek\u00fcket megkereszteltetni. Nagy \u00f6r\u00f6m ez sz\u00e1munkra, hiszen minden keresztel\u00e9ssel Isten akarata, parancsolata v\u00e1lik val\u00f3ra gy\u00fclekezet\u00fcnkben. &#8220;N\u00e9kem adatott minden hatalom mennyen \u00e9s f\u00f6ld\u00f6n. Elmenv\u00e9n az\u00e9rt, tegyetek&#8230;<\/p>\n","protected":false},"author":2,"featured_media":0,"parent":0,"menu_order":0,"comment_status":"closed","ping_status":"closed","template":"","meta":{"ngg_post_thumbnail":0,"footnotes":""},"class_list":["post-74","page","type-page","status-publish","hentry"],"jetpack_sharing_enabled":true,"_links":{"self":[{"href":"https:\/\/arpadfoldiref.hu\/index.php\/wp-json\/wp\/v2\/pages\/74","targetHints":{"allow":["GET"]}}],"collection":[{"href":"https:\/\/arpadfoldiref.hu\/index.php\/wp-json\/wp\/v2\/pages"}],"about":[{"href":"https:\/\/arpadfoldiref.hu\/index.php\/wp-json\/wp\/v2\/types\/page"}],"author":[{"embeddable":true,"href":"https:\/\/arpadfoldiref.hu\/index.php\/wp-json\/wp\/v2\/users\/2"}],"replies":[{"embeddable":true,"href":"https:\/\/arpadfoldiref.hu\/index.php\/wp-json\/wp\/v2\/comments?post=74"}],"version-history":[{"count":9,"href":"https:\/\/arpadfoldiref.hu\/index.php\/wp-json\/wp\/v2\/pages\/74\/revisions"}],"predecessor-version":[{"id":225,"href":"https:\/\/arpadfoldiref.hu\/index.php\/wp-json\/wp\/v2\/pages\/74\/revisions\/225"}],"wp:attachment":[{"href":"https:\/\/arpadfoldiref.hu\/index.php\/wp-json\/wp\/v2\/media?parent=74"}],"curies":[{"name":"wp","href":"https:\/\/api.w.org\/{rel}","templated":true}]}}