{"id":78,"date":"2019-12-24T11:37:22","date_gmt":"2019-12-24T11:37:22","guid":{"rendered":"http:\/\/arpadfoldiref.hu\/?page_id=78"},"modified":"2020-01-03T11:36:58","modified_gmt":"2020-01-03T10:36:58","slug":"78-2","status":"publish","type":"page","link":"https:\/\/arpadfoldiref.hu\/index.php\/78-2\/","title":{"rendered":"Temet\u00e9s"},"content":{"rendered":"\n<p><\/p>\n\n\n\n<div class=\"wp-block-media-text alignwide\"><figure class=\"wp-block-media-text__media\"><img loading=\"lazy\" decoding=\"async\" width=\"960\" height=\"640\" src=\"http:\/\/arpadfoldiref.hu\/wp-content\/uploads\/2019\/12\/Temetes.jpg\" alt=\"\" class=\"wp-image-183\" srcset=\"https:\/\/arpadfoldiref.hu\/wp-content\/uploads\/2019\/12\/Temetes.jpg 960w, https:\/\/arpadfoldiref.hu\/wp-content\/uploads\/2019\/12\/Temetes-300x200.jpg 300w, https:\/\/arpadfoldiref.hu\/wp-content\/uploads\/2019\/12\/Temetes-768x512.jpg 768w, https:\/\/arpadfoldiref.hu\/wp-content\/uploads\/2019\/12\/Temetes-850x567.jpg 850w\" sizes=\"auto, (max-width: 960px) 100vw, 960px\" \/><\/figure><div class=\"wp-block-media-text__content\">\n<p style=\"font-size:15px\">&#8220;<em>Az \u00dar az \u00e9n p\u00e1sztorom, nem sz\u0171k\u00f6lk\u00f6d\u00f6m.<br>F\u00fcves legel\u0151k\u00f6n terelget, csendes vizekhez vezet engem. Lelkemet fel\u00fcd\u00edti, igaz \u00f6sv\u00e9nyen vezet az \u0151 nev\u00e9\u00e9rt.<br>Ha a hal\u00e1l \u00e1rny\u00e9ka v\u00f6lgy\u00e9ben j\u00e1rok is, nem f\u00e9lek semmi bajt\u00f3l, mert te velem vagy: vessz\u0151d \u00e9s botod megvigasztal engem.&#8221;<br>(Zsolt. 23. 1-4) <\/em><\/p>\n<\/div><\/div>\n\n\n\n<p style=\"font-size:12px\" class=\"has-text-align-right\"><\/p>\n\n\n\n<p>Ismerj\u00fck valamennyien \u00e9let\u00fcnk Isten \u00e1ltal megszabott \u00e9s behat\u00e1rolt kereteit. Igyeksz\u00fcnk felk\u00e9sz\u00fclni f\u00f6ldi vil\u00e1gunk elhagy\u00e1s\u00e1ra, \u00e9s arra, hogy egy nap el kell szakadnunk szeretteinkt\u0151l. A f\u00e1jdalomra, amit az \u0151 elveszt\u00e9s\u00fck jelent egyed\u00fcl az \u00f6r\u00f6k \u00e9letbe vetett hit\u00fcnk ny\u00fajthat vigasztal\u00e1st. <br><br>Amennyiben elvesz\u00edtett\u00e9k szeretett hozz\u00e1tartoz\u00f3jukat, gy\u00fclekezet\u00fcnkben lehet\u0151s\u00e9g van arra, hogy egyh\u00e1zi temet\u00e9ssel vegyenek T\u0151le b\u00facs\u00fat a felt\u00e1mad\u00e1s, viszontl\u00e1t\u00e1s \u00e9s \u00f6r\u00f6k \u00e9let rem\u00e9nys\u00e9g\u00e9vel. <br><br>A v\u00e9gtisztess\u00e9gad\u00e1s sor\u00e1n Isten kegyelme, szeretete \u00e9s Ig\u00e9je ny\u00fajthat vigasztal\u00e1st a gy\u00e1szol\u00f3knak. <br>A temet\u00e9si szolg\u00e1lattal- \u00e9s a szertart\u00e1ssal kapcsolatban a lelkip\u00e1sztorn\u00e1l, illetve a gy\u00fclekezeti el\u00e9rhet\u0151s\u00e9geinken lehet \u00e9rdekl\u0151dni.<\/p>\n\n\n\n<p>Nyikos Andr\u00e1s \u2013 lelkip\u00e1sztor<br>Email: <a rel=\"noreferrer noopener\" href=\"mailto:budapest-arpadfold@reformatus.hu\" target=\"_blank\">budapest-arpadfold@reformatus.hu<\/a><br>Telefon: +3630\/483-4638<\/p>\n","protected":false},"excerpt":{"rendered":"<p>&#8220;Az \u00dar az \u00e9n p\u00e1sztorom, nem sz\u0171k\u00f6lk\u00f6d\u00f6m.F\u00fcves legel\u0151k\u00f6n terelget, csendes vizekhez vezet engem. Lelkemet fel\u00fcd\u00edti, igaz \u00f6sv\u00e9nyen vezet az \u0151 nev\u00e9\u00e9rt.Ha a hal\u00e1l \u00e1rny\u00e9ka v\u00f6lgy\u00e9ben j\u00e1rok is, nem f\u00e9lek semmi bajt\u00f3l, mert te velem vagy: vessz\u0151d \u00e9s botod megvigasztal engem.&#8221;(Zsolt. 23. 1-4) Ismerj\u00fck valamennyien \u00e9let\u00fcnk Isten \u00e1ltal megszabott \u00e9s behat\u00e1rolt kereteit. Igyeksz\u00fcnk felk\u00e9sz\u00fclni f\u00f6ldi vil\u00e1gunk&#8230;<\/p>\n","protected":false},"author":2,"featured_media":0,"parent":0,"menu_order":0,"comment_status":"closed","ping_status":"closed","template":"","meta":{"ngg_post_thumbnail":0,"footnotes":""},"class_list":["post-78","page","type-page","status-publish","hentry"],"jetpack_sharing_enabled":true,"_links":{"self":[{"href":"https:\/\/arpadfoldiref.hu\/index.php\/wp-json\/wp\/v2\/pages\/78","targetHints":{"allow":["GET"]}}],"collection":[{"href":"https:\/\/arpadfoldiref.hu\/index.php\/wp-json\/wp\/v2\/pages"}],"about":[{"href":"https:\/\/arpadfoldiref.hu\/index.php\/wp-json\/wp\/v2\/types\/page"}],"author":[{"embeddable":true,"href":"https:\/\/arpadfoldiref.hu\/index.php\/wp-json\/wp\/v2\/users\/2"}],"replies":[{"embeddable":true,"href":"https:\/\/arpadfoldiref.hu\/index.php\/wp-json\/wp\/v2\/comments?post=78"}],"version-history":[{"count":10,"href":"https:\/\/arpadfoldiref.hu\/index.php\/wp-json\/wp\/v2\/pages\/78\/revisions"}],"predecessor-version":[{"id":432,"href":"https:\/\/arpadfoldiref.hu\/index.php\/wp-json\/wp\/v2\/pages\/78\/revisions\/432"}],"wp:attachment":[{"href":"https:\/\/arpadfoldiref.hu\/index.php\/wp-json\/wp\/v2\/media?parent=78"}],"curies":[{"name":"wp","href":"https:\/\/api.w.org\/{rel}","templated":true}]}}